{"id":6317,"date":"2025-04-25T11:32:14","date_gmt":"2025-04-25T11:32:14","guid":{"rendered":"https:\/\/okseamless.com\/?post_type=product&#038;p=6317"},"modified":"2025-04-25T11:32:14","modified_gmt":"2025-04-25T11:32:14","slug":"body-tightening-t-shirt-with-high-neckline","status":"publish","type":"product","link":"https:\/\/okseamless.com\/de\/produkt\/body-tightening-t-shirt-with-high-neckline\/","title":{"rendered":"Body Tightening T-Shirt mit hohem Ausschnitt"},"content":{"rendered":"","protected":false},"excerpt":{"rendered":"<p>Model No:WL010<\/p>\n<p><strong><b>Merkmal<\/b><\/strong><\/p>\n<ul>\n<li>Anti-bakteriell, atmungsaktiv, umweltfreundlich<\/li>\n<li>Geschlecht:Frauen<\/li>\n<li>Webart:gestrickt<\/li>\n<li>Dienstleistung:ODM OEM Dienstleistung<\/li>\n<li>Logo:Kundenspezifischer Logodruck<\/li>\n<li>Farbe:Kundenspezifische Farbe<\/li>\n<li>Gr\u00f6\u00dfe:Benutzerdefinierte Gr\u00f6\u00dfe<\/li>\n<li>Probe:Probe vorlegen<\/li>\n<\/ul>\n<p><strong><b>Material:<\/b><\/strong>Elasthan\/Nylon<\/p>","protected":false},"featured_media":6320,"template":"","meta":[],"product_brand":[],"product_cat":[37],"product_tag":[],"class_list":{"0":"post-6317","1":"product","2":"type-product","3":"status-publish","4":"has-post-thumbnail","6":"product_cat-womens-bodysuits","8":"first","9":"instock","10":"shipping-taxable","11":"product-type-simple"},"yoast_head":"<!-- This site is optimized with the Yoast SEO plugin v24.6 - https:\/\/yoast.com\/wordpress\/plugins\/seo\/ -->\n<title>Body Tightening T-shirt with high neckline - Custom Seamless Shapewear and Yoga Wear Manufacturer in China<\/title>\n<meta name=\"robots\" content=\"index, follow, max-snippet:-1, max-image-preview:large, max-video-preview:-1\" \/>\n<link rel=\"canonical\" href=\"https:\/\/okseamless.com\/de\/produkt\/body-tightening-t-shirt-with-high-neckline\/\" \/>\n<meta property=\"og:locale\" content=\"de_DE\" \/>\n<meta property=\"og:type\" content=\"article\" \/>\n<meta property=\"og:title\" content=\"Body Tightening T-shirt with high neckline - Custom Seamless Shapewear and Yoga Wear Manufacturer in China\" \/>\n<meta property=\"og:description\" content=\"Model No:WL010  Feature   Anti-Bacterial, Breathable, Eco-Friendly  Gender:Women  Weaving method:knitted  Service:ODM OEM Service  Logo:Customized Logo Printing  Color:Customized Color  Size:Custom Size  Sample:Provide Sample  Material:Spandex \/ Nylon\" \/>\n<meta property=\"og:url\" content=\"https:\/\/okseamless.com\/de\/produkt\/body-tightening-t-shirt-with-high-neckline\/\" \/>\n<meta property=\"og:site_name\" content=\"Custom Seamless Shapewear and Yoga Wear Manufacturer in China\" \/>\n<meta property=\"article:publisher\" content=\"https:\/\/www.facebook.com\/share\/1TH24JnBgY\/?mibextid=wwXIfr\" \/>\n<meta property=\"og:image\" content=\"https:\/\/okseamless.com\/wp-content\/uploads\/2025\/04\/6bcf8994-862d-465f-bb40-f93f62e1cccd.jpg\" \/>\n\t<meta property=\"og:image:width\" content=\"900\" \/>\n\t<meta property=\"og:image:height\" content=\"900\" \/>\n\t<meta property=\"og:image:type\" content=\"image\/jpeg\" \/>\n<meta name=\"twitter:card\" content=\"summary_large_image\" \/>\n<meta name=\"twitter:label1\" content=\"Gesch\u00e4tzte Lesezeit\" \/>\n\t<meta name=\"twitter:data1\" content=\"1\u00a0Minute\" \/>\n<script type=\"application\/ld+json\" class=\"yoast-schema-graph\">{\"@context\":\"https:\/\/schema.org\",\"@graph\":[{\"@type\":\"WebPage\",\"@id\":\"https:\/\/okseamless.com\/product\/body-tightening-t-shirt-with-high-neckline\/\",\"url\":\"https:\/\/okseamless.com\/product\/body-tightening-t-shirt-with-high-neckline\/\",\"name\":\"Body Tightening T-shirt with high neckline - Custom Seamless Shapewear and Yoga Wear Manufacturer in China\",\"isPartOf\":{\"@id\":\"https:\/\/www.okseamless.com\/pt\/#website\"},\"primaryImageOfPage\":{\"@id\":\"https:\/\/okseamless.com\/product\/body-tightening-t-shirt-with-high-neckline\/#primaryimage\"},\"image\":{\"@id\":\"https:\/\/okseamless.com\/product\/body-tightening-t-shirt-with-high-neckline\/#primaryimage\"},\"thumbnailUrl\":\"https:\/\/okseamless.com\/wp-content\/uploads\/2025\/04\/6bcf8994-862d-465f-bb40-f93f62e1cccd.jpg\",\"datePublished\":\"2025-04-25T11:32:14+00:00\",\"breadcrumb\":{\"@id\":\"https:\/\/okseamless.com\/product\/body-tightening-t-shirt-with-high-neckline\/#breadcrumb\"},\"inLanguage\":\"de\",\"potentialAction\":[{\"@type\":\"ReadAction\",\"target\":[\"https:\/\/okseamless.com\/product\/body-tightening-t-shirt-with-high-neckline\/\"]}]},{\"@type\":\"ImageObject\",\"inLanguage\":\"de\",\"@id\":\"https:\/\/okseamless.com\/product\/body-tightening-t-shirt-with-high-neckline\/#primaryimage\",\"url\":\"https:\/\/okseamless.com\/wp-content\/uploads\/2025\/04\/6bcf8994-862d-465f-bb40-f93f62e1cccd.jpg\",\"contentUrl\":\"https:\/\/okseamless.com\/wp-content\/uploads\/2025\/04\/6bcf8994-862d-465f-bb40-f93f62e1cccd.jpg\",\"width\":900,\"height\":900},{\"@type\":\"BreadcrumbList\",\"@id\":\"https:\/\/okseamless.com\/product\/body-tightening-t-shirt-with-high-neckline\/#breadcrumb\",\"itemListElement\":[{\"@type\":\"ListItem\",\"position\":1,\"name\":\"\u9996\u9875\",\"item\":\"https:\/\/okseamless.com\/\"},{\"@type\":\"ListItem\",\"position\":2,\"name\":\"Produtos\",\"item\":\"https:\/\/www.okseamless.com\/pt\/shop\/\"},{\"@type\":\"ListItem\",\"position\":3,\"name\":\"Body Tightening T-shirt with high neckline\"}]},{\"@type\":\"WebSite\",\"@id\":\"https:\/\/www.okseamless.com\/pt\/#website\",\"url\":\"https:\/\/www.okseamless.com\/pt\/\",\"name\":\"Custom Seamless Shapewear and Yoga Wear Manufacturer in China\",\"description\":\"\",\"publisher\":{\"@id\":\"https:\/\/www.okseamless.com\/pt\/#organization\"},\"potentialAction\":[{\"@type\":\"SearchAction\",\"target\":{\"@type\":\"EntryPoint\",\"urlTemplate\":\"https:\/\/www.okseamless.com\/pt\/?s={search_term_string}\"},\"query-input\":{\"@type\":\"PropertyValueSpecification\",\"valueRequired\":true,\"valueName\":\"search_term_string\"}}],\"inLanguage\":\"de\"},{\"@type\":\"Organization\",\"@id\":\"https:\/\/www.okseamless.com\/pt\/#organization\",\"name\":\"Custom Seamless Shapewear and Yoga Wear Manufacturer in China\",\"url\":\"https:\/\/www.okseamless.com\/pt\/\",\"logo\":{\"@type\":\"ImageObject\",\"inLanguage\":\"de\",\"@id\":\"https:\/\/www.okseamless.com\/pt\/#\/schema\/logo\/image\/\",\"url\":\"https:\/\/okseamless.com\/wp-content\/uploads\/2025\/03\/LOGO.png\",\"contentUrl\":\"https:\/\/okseamless.com\/wp-content\/uploads\/2025\/03\/LOGO.png\",\"width\":685,\"height\":218,\"caption\":\"Custom Seamless Shapewear and Yoga Wear Manufacturer in China\"},\"image\":{\"@id\":\"https:\/\/www.okseamless.com\/pt\/#\/schema\/logo\/image\/\"},\"sameAs\":[\"https:\/\/www.facebook.com\/share\/1TH24JnBgY\/?mibextid=wwXIfr\"]}]}<\/script>\n<!-- \/ Yoast SEO plugin. -->","yoast_head_json":{"title":"Body Tightening T-shirt with high neckline - Custom Seamless Shapewear and Yoga Wear Manufacturer in China","robots":{"index":"index","follow":"follow","max-snippet":"max-snippet:-1","max-image-preview":"max-image-preview:large","max-video-preview":"max-video-preview:-1"},"canonical":"https:\/\/okseamless.com\/de\/produkt\/body-tightening-t-shirt-with-high-neckline\/","og_locale":"de_DE","og_type":"article","og_title":"Body Tightening T-shirt with high neckline - Custom Seamless Shapewear and Yoga Wear Manufacturer in China","og_description":"Model No:WL010  Feature   Anti-Bacterial, Breathable, Eco-Friendly  Gender:Women  Weaving method:knitted  Service:ODM OEM Service  Logo:Customized Logo Printing  Color:Customized Color  Size:Custom Size  Sample:Provide Sample  Material:Spandex \/ Nylon","og_url":"https:\/\/okseamless.com\/de\/produkt\/body-tightening-t-shirt-with-high-neckline\/","og_site_name":"Custom Seamless Shapewear and Yoga Wear Manufacturer in China","article_publisher":"https:\/\/www.facebook.com\/share\/1TH24JnBgY\/?mibextid=wwXIfr","og_image":[{"width":900,"height":900,"url":"https:\/\/okseamless.com\/wp-content\/uploads\/2025\/04\/6bcf8994-862d-465f-bb40-f93f62e1cccd.jpg","type":"image\/jpeg"}],"twitter_card":"summary_large_image","twitter_misc":{"Gesch\u00e4tzte Lesezeit":"1\u00a0Minute"},"schema":{"@context":"https:\/\/schema.org","@graph":[{"@type":"WebPage","@id":"https:\/\/okseamless.com\/product\/body-tightening-t-shirt-with-high-neckline\/","url":"https:\/\/okseamless.com\/product\/body-tightening-t-shirt-with-high-neckline\/","name":"Body Tightening T-shirt with high neckline - Custom Seamless Shapewear and Yoga Wear Manufacturer in China","isPartOf":{"@id":"https:\/\/www.okseamless.com\/pt\/#website"},"primaryImageOfPage":{"@id":"https:\/\/okseamless.com\/product\/body-tightening-t-shirt-with-high-neckline\/#primaryimage"},"image":{"@id":"https:\/\/okseamless.com\/product\/body-tightening-t-shirt-with-high-neckline\/#primaryimage"},"thumbnailUrl":"https:\/\/okseamless.com\/wp-content\/uploads\/2025\/04\/6bcf8994-862d-465f-bb40-f93f62e1cccd.jpg","datePublished":"2025-04-25T11:32:14+00:00","breadcrumb":{"@id":"https:\/\/okseamless.com\/product\/body-tightening-t-shirt-with-high-neckline\/#breadcrumb"},"inLanguage":"de","potentialAction":[{"@type":"ReadAction","target":["https:\/\/okseamless.com\/product\/body-tightening-t-shirt-with-high-neckline\/"]}]},{"@type":"ImageObject","inLanguage":"de","@id":"https:\/\/okseamless.com\/product\/body-tightening-t-shirt-with-high-neckline\/#primaryimage","url":"https:\/\/okseamless.com\/wp-content\/uploads\/2025\/04\/6bcf8994-862d-465f-bb40-f93f62e1cccd.jpg","contentUrl":"https:\/\/okseamless.com\/wp-content\/uploads\/2025\/04\/6bcf8994-862d-465f-bb40-f93f62e1cccd.jpg","width":900,"height":900},{"@type":"BreadcrumbList","@id":"https:\/\/okseamless.com\/product\/body-tightening-t-shirt-with-high-neckline\/#breadcrumb","itemListElement":[{"@type":"ListItem","position":1,"name":"\u9996\u9875","item":"https:\/\/okseamless.com\/"},{"@type":"ListItem","position":2,"name":"Produtos","item":"https:\/\/www.okseamless.com\/pt\/shop\/"},{"@type":"ListItem","position":3,"name":"Body Tightening T-shirt with high neckline"}]},{"@type":"WebSite","@id":"https:\/\/www.okseamless.com\/pt\/#website","url":"https:\/\/www.okseamless.com\/pt\/","name":"Custom Seamless Shapewear and Yoga Wear Manufacturer in China","description":"","publisher":{"@id":"https:\/\/www.okseamless.com\/pt\/#organization"},"potentialAction":[{"@type":"SearchAction","target":{"@type":"EntryPoint","urlTemplate":"https:\/\/www.okseamless.com\/pt\/?s={search_term_string}"},"query-input":{"@type":"PropertyValueSpecification","valueRequired":true,"valueName":"search_term_string"}}],"inLanguage":"de"},{"@type":"Organization","@id":"https:\/\/www.okseamless.com\/pt\/#organization","name":"Custom Seamless Shapewear and Yoga Wear Manufacturer in China","url":"https:\/\/www.okseamless.com\/pt\/","logo":{"@type":"ImageObject","inLanguage":"de","@id":"https:\/\/www.okseamless.com\/pt\/#\/schema\/logo\/image\/","url":"https:\/\/okseamless.com\/wp-content\/uploads\/2025\/03\/LOGO.png","contentUrl":"https:\/\/okseamless.com\/wp-content\/uploads\/2025\/03\/LOGO.png","width":685,"height":218,"caption":"Custom Seamless Shapewear and Yoga Wear Manufacturer in China"},"image":{"@id":"https:\/\/www.okseamless.com\/pt\/#\/schema\/logo\/image\/"},"sameAs":["https:\/\/www.facebook.com\/share\/1TH24JnBgY\/?mibextid=wwXIfr"]}]}},"_links":{"self":[{"href":"https:\/\/okseamless.com\/de\/wp-json\/wp\/v2\/product\/6317","targetHints":{"allow":["GET"]}}],"collection":[{"href":"https:\/\/okseamless.com\/de\/wp-json\/wp\/v2\/product"}],"about":[{"href":"https:\/\/okseamless.com\/de\/wp-json\/wp\/v2\/types\/product"}],"wp:featuredmedia":[{"embeddable":true,"href":"https:\/\/okseamless.com\/de\/wp-json\/wp\/v2\/media\/6320"}],"wp:attachment":[{"href":"https:\/\/okseamless.com\/de\/wp-json\/wp\/v2\/media?parent=6317"}],"wp:term":[{"taxonomy":"product_brand","embeddable":true,"href":"https:\/\/okseamless.com\/de\/wp-json\/wp\/v2\/product_brand?post=6317"},{"taxonomy":"product_cat","embeddable":true,"href":"https:\/\/okseamless.com\/de\/wp-json\/wp\/v2\/product_cat?post=6317"},{"taxonomy":"product_tag","embeddable":true,"href":"https:\/\/okseamless.com\/de\/wp-json\/wp\/v2\/product_tag?post=6317"}],"curies":[{"name":"wp","href":"https:\/\/api.w.org\/{rel}","templated":true}]}}