{"id":2845,"date":"2025-04-12T02:51:01","date_gmt":"2025-04-12T02:51:01","guid":{"rendered":"https:\/\/okseamless.com\/?post_type=product&#038;p=2845"},"modified":"2025-04-12T02:51:01","modified_gmt":"2025-04-12T02:51:01","slug":"seamless-full-slip-shapewear-dress-tummy-control","status":"publish","type":"product","link":"https:\/\/okseamless.com\/de\/produkt\/seamless-full-slip-shapewear-dress-tummy-control\/","title":{"rendered":"Nahtloser Full Slip Shapewear Kleid Tummy Control"},"content":{"rendered":"","protected":false},"excerpt":{"rendered":"<p>Modell-Nr.: JS060<\/p>\n<h4><strong><b>Beschreibung<\/b><\/strong><\/h4>\n<p>Wenn Sie eine formelle Veranstaltung oder eine Arbeitsfeier vor sich haben und in einem Kleid makellos aussehen wollen, ist dieses Shapewear-Kleid genau das Richtige f\u00fcr Sie. Diese feste Kompressionsunterw\u00e4sche besteht aus nahtlosem Material, das an den richtigen Stellen gl\u00e4ttet, hebt und strafft. Es ist so konzipiert, dass es Ihre K\u00f6rperform gl\u00e4ttet, sich eng an Ihren K\u00f6rper anschmiegt und Ihre Kurven gut umspielt. Dieses nahtlose Shapewear-Slipkleid ist bequem und vielseitig einsetzbar. Es eignet sich sowohl f\u00fcr die Innen- als auch f\u00fcr die Au\u00dfenkleidung und erm\u00f6glicht es Ihnen, m\u00fchelos jeden modischen Look zu erg\u00e4nzen, ohne dass Sie zus\u00e4tzliche Unterw\u00e4sche ben\u00f6tigen.<\/p>\n<p><strong>Eigenschaften<\/strong><\/p>\n<ul>\n<li>Breiter Schultergurt: Die breiten Schultergurte und der Rundhalsausschnitt verringern die Belastung der Schultern.<\/li>\n<li>Keine gepolsterte St\u00fctze: entworfen, um Ihre Brust Freiheit zu befreien.<\/li>\n<li>Tummy Control: Verkleinern und Abflachen des Mittelteils.<\/li>\n<li>3D Butt Lifting: Hebt und formt Ihr rundes Ges\u00e4\u00df.<\/li>\n<li>R\u00fcckenlehne: glatte R\u00fcckenlehne und Zierleisten mit nat\u00fcrlichen Kurven.<\/li>\n<li>Langes Anti-Rutsch-Unterteil: Unterteil mit verl\u00e4ngertem Saum, um zu verhindern, dass es sich aufrollt.<\/li>\n<li>Perfekt f\u00fcr die Innen- und Au\u00dfenkleidung, so dass Sie m\u00fchelos jeden modischen Look erg\u00e4nzen k\u00f6nnen, ohne zus\u00e4tzliche Unterw\u00e4sche zu ben\u00f6tigen.<\/li>\n<\/ul>\n<p><strong>Material<\/strong><\/p>\n<ul>\n<li>92% Nylon<\/li>\n<li>8% Elasthan<\/li>\n<\/ul>","protected":false},"featured_media":2853,"template":"","meta":[],"product_brand":[],"product_cat":[37],"product_tag":[],"class_list":{"0":"post-2845","1":"product","2":"type-product","3":"status-publish","4":"has-post-thumbnail","6":"product_cat-womens-bodysuits","8":"first","9":"instock","10":"shipping-taxable","11":"product-type-simple"},"yoast_head":"<!-- This site is optimized with the Yoast SEO plugin v27.4 - https:\/\/yoast.com\/product\/yoast-seo-wordpress\/ -->\n<title>Seamless Full Slip Shapewear Dress Tummy Control - Custom Seamless Shapewear and Yoga Wear Manufacturer in China<\/title>\n<meta name=\"robots\" content=\"index, follow, max-snippet:-1, max-image-preview:large, max-video-preview:-1\" \/>\n<link rel=\"canonical\" href=\"https:\/\/okseamless.com\/de\/produkt\/seamless-full-slip-shapewear-dress-tummy-control\/\" \/>\n<meta property=\"og:locale\" content=\"de_DE\" \/>\n<meta property=\"og:type\" content=\"article\" \/>\n<meta property=\"og:title\" content=\"Seamless Full Slip Shapewear Dress Tummy Control - Custom Seamless Shapewear and Yoga Wear Manufacturer in China\" \/>\n<meta property=\"og:description\" content=\"Model NO: JS060 Description If you have a formal event or work party coming up and want to look flawless in a dress, this Shapewear Dress is just what you need. This firm compression undergarment is made from seamless material that smooths, lifts, and tucks in all the right places. Designed to smooth your body shape and fits snugly to your body and hugs curves well. Embrace convenience and versatility with this seamless shapewear slips dress. Perfect for both inner and outer wear, allowing you to effortlessly complement any fashionable look without the need for additional undergarments.  Features   Wide Shoulder Strap: designed with wide shoulder straps and scoop neck, effectively reducing shoulder burden.  No padded Support: designed to liberate your chest freedom.  Tummy Control: trim and flatten your midsection.  3D Butt Lifting: lift and shape your round buttock.  Back Support: smooth back and trim charming natural curves.  Long Anti-Slip Bottom: Bottom that built with lengthening on the hem to prevent it from rolling up.  Perfect for both inner and outer wear, allowing you to effortlessly complement any fashionable look without the need for additional undergarments.  Material   92% Nylon  8% Spandex\" \/>\n<meta property=\"og:url\" content=\"https:\/\/okseamless.com\/de\/produkt\/seamless-full-slip-shapewear-dress-tummy-control\/\" \/>\n<meta property=\"og:site_name\" content=\"Custom Seamless Shapewear and Yoga Wear Manufacturer in China\" \/>\n<meta property=\"article:publisher\" content=\"https:\/\/www.facebook.com\/share\/1TH24JnBgY\/?mibextid=wwXIfr\" \/>\n<meta property=\"og:image\" content=\"https:\/\/okseamless.com\/wp-content\/uploads\/2025\/04\/DM_20250408124511_002.jpg\" \/>\n\t<meta property=\"og:image:width\" content=\"1600\" \/>\n\t<meta property=\"og:image:height\" content=\"1600\" \/>\n\t<meta property=\"og:image:type\" content=\"image\/jpeg\" \/>\n<meta name=\"twitter:card\" content=\"summary_large_image\" \/>\n<meta name=\"twitter:label1\" content=\"Gesch\u00e4tzte Lesezeit\" \/>\n\t<meta name=\"twitter:data1\" content=\"1\u00a0Minute\" \/>\n<script type=\"application\/ld+json\" class=\"yoast-schema-graph\">{\"@context\":\"https:\\\/\\\/schema.org\",\"@graph\":[{\"@type\":\"WebPage\",\"@id\":\"https:\\\/\\\/okseamless.com\\\/product\\\/seamless-full-slip-shapewear-dress-tummy-control\\\/\",\"url\":\"https:\\\/\\\/okseamless.com\\\/product\\\/seamless-full-slip-shapewear-dress-tummy-control\\\/\",\"name\":\"Seamless Full Slip Shapewear Dress Tummy Control - Custom Seamless Shapewear and Yoga Wear Manufacturer in China\",\"isPartOf\":{\"@id\":\"https:\\\/\\\/www.okseamless.com\\\/pt\\\/#website\"},\"primaryImageOfPage\":{\"@id\":\"https:\\\/\\\/okseamless.com\\\/product\\\/seamless-full-slip-shapewear-dress-tummy-control\\\/#primaryimage\"},\"image\":{\"@id\":\"https:\\\/\\\/okseamless.com\\\/product\\\/seamless-full-slip-shapewear-dress-tummy-control\\\/#primaryimage\"},\"thumbnailUrl\":\"https:\\\/\\\/okseamless.com\\\/wp-content\\\/uploads\\\/2025\\\/04\\\/DM_20250408124511_002.jpg\",\"datePublished\":\"2025-04-12T02:51:01+00:00\",\"breadcrumb\":{\"@id\":\"https:\\\/\\\/okseamless.com\\\/product\\\/seamless-full-slip-shapewear-dress-tummy-control\\\/#breadcrumb\"},\"inLanguage\":\"de\",\"potentialAction\":[{\"@type\":\"ReadAction\",\"target\":[\"https:\\\/\\\/okseamless.com\\\/product\\\/seamless-full-slip-shapewear-dress-tummy-control\\\/\"]}]},{\"@type\":\"ImageObject\",\"inLanguage\":\"de\",\"@id\":\"https:\\\/\\\/okseamless.com\\\/product\\\/seamless-full-slip-shapewear-dress-tummy-control\\\/#primaryimage\",\"url\":\"https:\\\/\\\/okseamless.com\\\/wp-content\\\/uploads\\\/2025\\\/04\\\/DM_20250408124511_002.jpg\",\"contentUrl\":\"https:\\\/\\\/okseamless.com\\\/wp-content\\\/uploads\\\/2025\\\/04\\\/DM_20250408124511_002.jpg\",\"width\":1600,\"height\":1600},{\"@type\":\"BreadcrumbList\",\"@id\":\"https:\\\/\\\/okseamless.com\\\/product\\\/seamless-full-slip-shapewear-dress-tummy-control\\\/#breadcrumb\",\"itemListElement\":[{\"@type\":\"ListItem\",\"position\":1,\"name\":\"\u9996\u9875\",\"item\":\"https:\\\/\\\/okseamless.com\\\/\"},{\"@type\":\"ListItem\",\"position\":2,\"name\":\"Produtos\",\"item\":\"https:\\\/\\\/www.okseamless.com\\\/pt\\\/shop\\\/\"},{\"@type\":\"ListItem\",\"position\":3,\"name\":\"Seamless Full Slip Shapewear Dress Tummy Control\"}]},{\"@type\":\"WebSite\",\"@id\":\"https:\\\/\\\/www.okseamless.com\\\/pt\\\/#website\",\"url\":\"https:\\\/\\\/www.okseamless.com\\\/pt\\\/\",\"name\":\"Custom Seamless Shapewear and Yoga Wear Manufacturer in China\",\"description\":\"\",\"publisher\":{\"@id\":\"https:\\\/\\\/www.okseamless.com\\\/pt\\\/#organization\"},\"potentialAction\":[{\"@type\":\"SearchAction\",\"target\":{\"@type\":\"EntryPoint\",\"urlTemplate\":\"https:\\\/\\\/www.okseamless.com\\\/pt\\\/?s={search_term_string}\"},\"query-input\":{\"@type\":\"PropertyValueSpecification\",\"valueRequired\":true,\"valueName\":\"search_term_string\"}}],\"inLanguage\":\"de\"},{\"@type\":\"Organization\",\"@id\":\"https:\\\/\\\/www.okseamless.com\\\/pt\\\/#organization\",\"name\":\"Custom Seamless Shapewear and Yoga Wear Manufacturer in China\",\"url\":\"https:\\\/\\\/www.okseamless.com\\\/pt\\\/\",\"logo\":{\"@type\":\"ImageObject\",\"inLanguage\":\"de\",\"@id\":\"https:\\\/\\\/www.okseamless.com\\\/pt\\\/#\\\/schema\\\/logo\\\/image\\\/\",\"url\":\"https:\\\/\\\/okseamless.com\\\/wp-content\\\/uploads\\\/2025\\\/03\\\/LOGO.png\",\"contentUrl\":\"https:\\\/\\\/okseamless.com\\\/wp-content\\\/uploads\\\/2025\\\/03\\\/LOGO.png\",\"width\":685,\"height\":218,\"caption\":\"Custom Seamless Shapewear and Yoga Wear Manufacturer in China\"},\"image\":{\"@id\":\"https:\\\/\\\/www.okseamless.com\\\/pt\\\/#\\\/schema\\\/logo\\\/image\\\/\"},\"sameAs\":[\"https:\\\/\\\/www.facebook.com\\\/share\\\/1TH24JnBgY\\\/?mibextid=wwXIfr\"]}]}<\/script>\n<!-- \/ Yoast SEO plugin. -->","yoast_head_json":{"title":"Seamless Full Slip Shapewear Dress Tummy Control - Custom Seamless Shapewear and Yoga Wear Manufacturer in China","robots":{"index":"index","follow":"follow","max-snippet":"max-snippet:-1","max-image-preview":"max-image-preview:large","max-video-preview":"max-video-preview:-1"},"canonical":"https:\/\/okseamless.com\/de\/produkt\/seamless-full-slip-shapewear-dress-tummy-control\/","og_locale":"de_DE","og_type":"article","og_title":"Seamless Full Slip Shapewear Dress Tummy Control - Custom Seamless Shapewear and Yoga Wear Manufacturer in China","og_description":"Model NO: JS060 Description If you have a formal event or work party coming up and want to look flawless in a dress, this Shapewear Dress is just what you need. This firm compression undergarment is made from seamless material that smooths, lifts, and tucks in all the right places. Designed to smooth your body shape and fits snugly to your body and hugs curves well. Embrace convenience and versatility with this seamless shapewear slips dress. Perfect for both inner and outer wear, allowing you to effortlessly complement any fashionable look without the need for additional undergarments.  Features   Wide Shoulder Strap: designed with wide shoulder straps and scoop neck, effectively reducing shoulder burden.  No padded Support: designed to liberate your chest freedom.  Tummy Control: trim and flatten your midsection.  3D Butt Lifting: lift and shape your round buttock.  Back Support: smooth back and trim charming natural curves.  Long Anti-Slip Bottom: Bottom that built with lengthening on the hem to prevent it from rolling up.  Perfect for both inner and outer wear, allowing you to effortlessly complement any fashionable look without the need for additional undergarments.  Material   92% Nylon  8% Spandex","og_url":"https:\/\/okseamless.com\/de\/produkt\/seamless-full-slip-shapewear-dress-tummy-control\/","og_site_name":"Custom Seamless Shapewear and Yoga Wear Manufacturer in China","article_publisher":"https:\/\/www.facebook.com\/share\/1TH24JnBgY\/?mibextid=wwXIfr","og_image":[{"width":1600,"height":1600,"url":"https:\/\/okseamless.com\/wp-content\/uploads\/2025\/04\/DM_20250408124511_002.jpg","type":"image\/jpeg"}],"twitter_card":"summary_large_image","twitter_misc":{"Gesch\u00e4tzte Lesezeit":"1\u00a0Minute"},"schema":{"@context":"https:\/\/schema.org","@graph":[{"@type":"WebPage","@id":"https:\/\/okseamless.com\/product\/seamless-full-slip-shapewear-dress-tummy-control\/","url":"https:\/\/okseamless.com\/product\/seamless-full-slip-shapewear-dress-tummy-control\/","name":"Seamless Full Slip Shapewear Dress Tummy Control - Custom Seamless Shapewear and Yoga Wear Manufacturer in China","isPartOf":{"@id":"https:\/\/www.okseamless.com\/pt\/#website"},"primaryImageOfPage":{"@id":"https:\/\/okseamless.com\/product\/seamless-full-slip-shapewear-dress-tummy-control\/#primaryimage"},"image":{"@id":"https:\/\/okseamless.com\/product\/seamless-full-slip-shapewear-dress-tummy-control\/#primaryimage"},"thumbnailUrl":"https:\/\/okseamless.com\/wp-content\/uploads\/2025\/04\/DM_20250408124511_002.jpg","datePublished":"2025-04-12T02:51:01+00:00","breadcrumb":{"@id":"https:\/\/okseamless.com\/product\/seamless-full-slip-shapewear-dress-tummy-control\/#breadcrumb"},"inLanguage":"de","potentialAction":[{"@type":"ReadAction","target":["https:\/\/okseamless.com\/product\/seamless-full-slip-shapewear-dress-tummy-control\/"]}]},{"@type":"ImageObject","inLanguage":"de","@id":"https:\/\/okseamless.com\/product\/seamless-full-slip-shapewear-dress-tummy-control\/#primaryimage","url":"https:\/\/okseamless.com\/wp-content\/uploads\/2025\/04\/DM_20250408124511_002.jpg","contentUrl":"https:\/\/okseamless.com\/wp-content\/uploads\/2025\/04\/DM_20250408124511_002.jpg","width":1600,"height":1600},{"@type":"BreadcrumbList","@id":"https:\/\/okseamless.com\/product\/seamless-full-slip-shapewear-dress-tummy-control\/#breadcrumb","itemListElement":[{"@type":"ListItem","position":1,"name":"\u9996\u9875","item":"https:\/\/okseamless.com\/"},{"@type":"ListItem","position":2,"name":"Produtos","item":"https:\/\/www.okseamless.com\/pt\/shop\/"},{"@type":"ListItem","position":3,"name":"Seamless Full Slip Shapewear Dress Tummy Control"}]},{"@type":"WebSite","@id":"https:\/\/www.okseamless.com\/pt\/#website","url":"https:\/\/www.okseamless.com\/pt\/","name":"Custom Seamless Shapewear and Yoga Wear Manufacturer in China","description":"","publisher":{"@id":"https:\/\/www.okseamless.com\/pt\/#organization"},"potentialAction":[{"@type":"SearchAction","target":{"@type":"EntryPoint","urlTemplate":"https:\/\/www.okseamless.com\/pt\/?s={search_term_string}"},"query-input":{"@type":"PropertyValueSpecification","valueRequired":true,"valueName":"search_term_string"}}],"inLanguage":"de"},{"@type":"Organization","@id":"https:\/\/www.okseamless.com\/pt\/#organization","name":"Custom Seamless Shapewear and Yoga Wear Manufacturer in China","url":"https:\/\/www.okseamless.com\/pt\/","logo":{"@type":"ImageObject","inLanguage":"de","@id":"https:\/\/www.okseamless.com\/pt\/#\/schema\/logo\/image\/","url":"https:\/\/okseamless.com\/wp-content\/uploads\/2025\/03\/LOGO.png","contentUrl":"https:\/\/okseamless.com\/wp-content\/uploads\/2025\/03\/LOGO.png","width":685,"height":218,"caption":"Custom Seamless Shapewear and Yoga Wear Manufacturer in China"},"image":{"@id":"https:\/\/www.okseamless.com\/pt\/#\/schema\/logo\/image\/"},"sameAs":["https:\/\/www.facebook.com\/share\/1TH24JnBgY\/?mibextid=wwXIfr"]}]}},"_links":{"self":[{"href":"https:\/\/okseamless.com\/de\/wp-json\/wp\/v2\/product\/2845","targetHints":{"allow":["GET"]}}],"collection":[{"href":"https:\/\/okseamless.com\/de\/wp-json\/wp\/v2\/product"}],"about":[{"href":"https:\/\/okseamless.com\/de\/wp-json\/wp\/v2\/types\/product"}],"wp:featuredmedia":[{"embeddable":true,"href":"https:\/\/okseamless.com\/de\/wp-json\/wp\/v2\/media\/2853"}],"wp:attachment":[{"href":"https:\/\/okseamless.com\/de\/wp-json\/wp\/v2\/media?parent=2845"}],"wp:term":[{"taxonomy":"product_brand","embeddable":true,"href":"https:\/\/okseamless.com\/de\/wp-json\/wp\/v2\/product_brand?post=2845"},{"taxonomy":"product_cat","embeddable":true,"href":"https:\/\/okseamless.com\/de\/wp-json\/wp\/v2\/product_cat?post=2845"},{"taxonomy":"product_tag","embeddable":true,"href":"https:\/\/okseamless.com\/de\/wp-json\/wp\/v2\/product_tag?post=2845"}],"curies":[{"name":"wp","href":"https:\/\/api.w.org\/{rel}","templated":true}]}}