{"id":2584,"date":"2025-04-11T04:32:29","date_gmt":"2025-04-11T04:32:29","guid":{"rendered":"https:\/\/okseamless.com\/?post_type=product&#038;p=2584"},"modified":"2025-04-11T04:32:29","modified_gmt":"2025-04-11T04:32:29","slug":"tummy-control-thigh-slimmer-shorts","status":"publish","type":"product","link":"https:\/\/okseamless.com\/de\/produkt\/tummy-control-thigh-slimmer-shorts\/","title":{"rendered":"Bauchfreie Shorts mit schlankem Oberschenkel"},"content":{"rendered":"","protected":false},"excerpt":{"rendered":"<p>Model No:JS030<\/p>\n<p><strong><b>Beschreibung<\/b><\/strong><\/p>\n<p>Diese nahtlose High Waisted Shorts aus leichtem, figurformendem Stretchmaterial sorgt f\u00fcr eine atmungsaktive und bequeme Schlankheitskur, die Ihren K\u00f6rper in allen \"Passformen\" glatt und kurvig aussehen l\u00e4sst. Sie bietet eine Kombination aus Komfort, Unterst\u00fctzung und Formgebung und ist damit die ideale Wahl f\u00fcr alle, die ihre untere K\u00f6rpersilhouette verbessern m\u00f6chten.<\/p>\n<p><strong><b>Eigenschaften<\/b><\/strong><strong><b>:<\/b><\/strong><\/p>\n<ul>\n<li>This high waist shapewear boyshorts for women&#8217;s tummy control will Shape your Waist Immediately. Designed to provide a firm but comfortable compression, helping to smooth out any bumps or bulges and create a more streamlined silhouette.<\/li>\n<li>Diese High-Waist Panty Mid-Thigh Body Shaper Bodysuit Shapewear f\u00fcr Frauen wird Ihre Oberschenkel schlanker machen. Der Kompressionsstoff formt und gl\u00e4ttet die Oberschenkel sanft und sorgt f\u00fcr einen schlankmachenden Effekt und minimiert das Auftreten von Cellulite.<\/li>\n<li>Es h\u00e4lt die Haut trocken und verhindert Reibung zwischen den Oberschenkeln, wodurch die Wahrscheinlichkeit von Scheuerstellen und Reizungen verringert wird.<\/li>\n<li>Das nahtlose Design verhindert sichtbare Falten und sorgt f\u00fcr ein diskretes Aussehen unter der Kleidung.<\/li>\n<\/ul>\n<p><strong><b>Stoff Details<\/b><\/strong><strong><b>\u00a0\uff1a<\/b><\/strong>90% Nylon 10% Elasthan<\/p>","protected":false},"featured_media":2586,"template":"","meta":[],"product_brand":[],"product_cat":[36],"product_tag":[],"class_list":{"0":"post-2584","1":"product","2":"type-product","3":"status-publish","4":"has-post-thumbnail","6":"product_cat-womens-bottoms","8":"first","9":"instock","10":"shipping-taxable","11":"product-type-simple"},"yoast_head":"<!-- This site is optimized with the Yoast SEO plugin v27.4 - https:\/\/yoast.com\/product\/yoast-seo-wordpress\/ -->\n<title>Tummy Control Thigh Slimmer Shorts - Custom Seamless Shapewear and Yoga Wear Manufacturer in China<\/title>\n<meta name=\"robots\" content=\"index, follow, max-snippet:-1, max-image-preview:large, max-video-preview:-1\" \/>\n<link rel=\"canonical\" href=\"https:\/\/www.okseamless.com\/pt\/produto\/tummy-control-thigh-slimmer-shorts\/\" \/>\n<meta property=\"og:locale\" content=\"de_DE\" \/>\n<meta property=\"og:type\" content=\"article\" \/>\n<meta property=\"og:title\" content=\"Tummy Control Thigh Slimmer Shorts - Custom Seamless Shapewear and Yoga Wear Manufacturer in China\" \/>\n<meta property=\"og:description\" content=\"Model No:JS030  Description  This Seamless High Waisted Shorts in lightweight, figure-sculpting stretch for breathable and comfortable slimming that keeps your body looking smooth and curvy in all your &quot;fits&quot;. Offered a combination of comfort, support, and shaping, making them an ideal choice for those looking to enhance their lower body silhouette.  Features:   This high waist shapewear boyshorts for women&#039;s tummy control will Shape your Waist Immediately. Designed to provide a firm but comfortable compression, helping to smooth out any bumps or bulges and create a more streamlined silhouette.  This high-waist panty mid-thigh body shaper bodysuit shapewear for women will slim your thigh. The compression fabric gently shapes and smoothes the thighs, creating a slimming effect and minimizing the appearance of cellulite.  Keep your skin dry and prevents friction between the thighs, reducing the likelihood of chafing and irritation.  The seamless design helps to prevent any visible lines, ensuring a discreet look under clothing.  Fabric Details\u00a0\uff1a90% Nylon\u00a010% Spandex\" \/>\n<meta property=\"og:url\" content=\"https:\/\/www.okseamless.com\/pt\/produto\/tummy-control-thigh-slimmer-shorts\/\" \/>\n<meta property=\"og:site_name\" content=\"Custom Seamless Shapewear and Yoga Wear Manufacturer in China\" \/>\n<meta property=\"article:publisher\" content=\"https:\/\/www.facebook.com\/share\/1TH24JnBgY\/?mibextid=wwXIfr\" \/>\n<meta property=\"og:image\" content=\"https:\/\/www.okseamless.com\/wp-content\/uploads\/2025\/04\/DM_20250408183955_003.jpg\" \/>\n\t<meta property=\"og:image:width\" content=\"1600\" \/>\n\t<meta property=\"og:image:height\" content=\"1600\" \/>\n\t<meta property=\"og:image:type\" content=\"image\/jpeg\" \/>\n<meta name=\"twitter:card\" content=\"summary_large_image\" \/>\n<meta name=\"twitter:label1\" content=\"Gesch\u00e4tzte Lesezeit\" \/>\n\t<meta name=\"twitter:data1\" content=\"1\u00a0Minute\" \/>\n<script type=\"application\/ld+json\" class=\"yoast-schema-graph\">{\"@context\":\"https:\\\/\\\/schema.org\",\"@graph\":[{\"@type\":\"WebPage\",\"@id\":\"https:\\\/\\\/www.okseamless.com\\\/pt\\\/produto\\\/tummy-control-thigh-slimmer-shorts\\\/\",\"url\":\"https:\\\/\\\/www.okseamless.com\\\/pt\\\/produto\\\/tummy-control-thigh-slimmer-shorts\\\/\",\"name\":\"Tummy Control Thigh Slimmer Shorts - Custom Seamless Shapewear and Yoga Wear Manufacturer in China\",\"isPartOf\":{\"@id\":\"https:\\\/\\\/www.okseamless.com\\\/pt\\\/#website\"},\"primaryImageOfPage\":{\"@id\":\"https:\\\/\\\/www.okseamless.com\\\/pt\\\/produto\\\/tummy-control-thigh-slimmer-shorts\\\/#primaryimage\"},\"image\":{\"@id\":\"https:\\\/\\\/www.okseamless.com\\\/pt\\\/produto\\\/tummy-control-thigh-slimmer-shorts\\\/#primaryimage\"},\"thumbnailUrl\":\"https:\\\/\\\/okseamless.com\\\/wp-content\\\/uploads\\\/2025\\\/04\\\/DM_20250408183955_003.jpg\",\"datePublished\":\"2025-04-11T04:32:29+00:00\",\"breadcrumb\":{\"@id\":\"https:\\\/\\\/www.okseamless.com\\\/pt\\\/produto\\\/tummy-control-thigh-slimmer-shorts\\\/#breadcrumb\"},\"inLanguage\":\"de\",\"potentialAction\":[{\"@type\":\"ReadAction\",\"target\":[\"https:\\\/\\\/www.okseamless.com\\\/pt\\\/produto\\\/tummy-control-thigh-slimmer-shorts\\\/\"]}]},{\"@type\":\"ImageObject\",\"inLanguage\":\"de\",\"@id\":\"https:\\\/\\\/www.okseamless.com\\\/pt\\\/produto\\\/tummy-control-thigh-slimmer-shorts\\\/#primaryimage\",\"url\":\"https:\\\/\\\/okseamless.com\\\/wp-content\\\/uploads\\\/2025\\\/04\\\/DM_20250408183955_003.jpg\",\"contentUrl\":\"https:\\\/\\\/okseamless.com\\\/wp-content\\\/uploads\\\/2025\\\/04\\\/DM_20250408183955_003.jpg\",\"width\":1600,\"height\":1600},{\"@type\":\"BreadcrumbList\",\"@id\":\"https:\\\/\\\/www.okseamless.com\\\/pt\\\/produto\\\/tummy-control-thigh-slimmer-shorts\\\/#breadcrumb\",\"itemListElement\":[{\"@type\":\"ListItem\",\"position\":1,\"name\":\"\u9996\u9875\",\"item\":\"https:\\\/\\\/okseamless.com\\\/\"},{\"@type\":\"ListItem\",\"position\":2,\"name\":\"Produtos\",\"item\":\"https:\\\/\\\/www.okseamless.com\\\/pt\\\/shop\\\/\"},{\"@type\":\"ListItem\",\"position\":3,\"name\":\"Tummy Control Thigh Slimmer Shorts\"}]},{\"@type\":\"WebSite\",\"@id\":\"https:\\\/\\\/www.okseamless.com\\\/pt\\\/#website\",\"url\":\"https:\\\/\\\/www.okseamless.com\\\/pt\\\/\",\"name\":\"Custom Seamless Shapewear and Yoga Wear Manufacturer in China\",\"description\":\"\",\"publisher\":{\"@id\":\"https:\\\/\\\/www.okseamless.com\\\/pt\\\/#organization\"},\"potentialAction\":[{\"@type\":\"SearchAction\",\"target\":{\"@type\":\"EntryPoint\",\"urlTemplate\":\"https:\\\/\\\/www.okseamless.com\\\/pt\\\/?s={search_term_string}\"},\"query-input\":{\"@type\":\"PropertyValueSpecification\",\"valueRequired\":true,\"valueName\":\"search_term_string\"}}],\"inLanguage\":\"de\"},{\"@type\":\"Organization\",\"@id\":\"https:\\\/\\\/www.okseamless.com\\\/pt\\\/#organization\",\"name\":\"Custom Seamless Shapewear and Yoga Wear Manufacturer in China\",\"url\":\"https:\\\/\\\/www.okseamless.com\\\/pt\\\/\",\"logo\":{\"@type\":\"ImageObject\",\"inLanguage\":\"de\",\"@id\":\"https:\\\/\\\/www.okseamless.com\\\/pt\\\/#\\\/schema\\\/logo\\\/image\\\/\",\"url\":\"https:\\\/\\\/okseamless.com\\\/wp-content\\\/uploads\\\/2025\\\/03\\\/LOGO.png\",\"contentUrl\":\"https:\\\/\\\/okseamless.com\\\/wp-content\\\/uploads\\\/2025\\\/03\\\/LOGO.png\",\"width\":685,\"height\":218,\"caption\":\"Custom Seamless Shapewear and Yoga Wear Manufacturer in China\"},\"image\":{\"@id\":\"https:\\\/\\\/www.okseamless.com\\\/pt\\\/#\\\/schema\\\/logo\\\/image\\\/\"},\"sameAs\":[\"https:\\\/\\\/www.facebook.com\\\/share\\\/1TH24JnBgY\\\/?mibextid=wwXIfr\"]}]}<\/script>\n<!-- \/ Yoast SEO plugin. -->","yoast_head_json":{"title":"Tummy Control Thigh Slimmer Shorts - Custom Seamless Shapewear and Yoga Wear Manufacturer in China","robots":{"index":"index","follow":"follow","max-snippet":"max-snippet:-1","max-image-preview":"max-image-preview:large","max-video-preview":"max-video-preview:-1"},"canonical":"https:\/\/www.okseamless.com\/pt\/produto\/tummy-control-thigh-slimmer-shorts\/","og_locale":"de_DE","og_type":"article","og_title":"Tummy Control Thigh Slimmer Shorts - Custom Seamless Shapewear and Yoga Wear Manufacturer in China","og_description":"Model No:JS030  Description  This Seamless High Waisted Shorts in lightweight, figure-sculpting stretch for breathable and comfortable slimming that keeps your body looking smooth and curvy in all your \"fits\". Offered a combination of comfort, support, and shaping, making them an ideal choice for those looking to enhance their lower body silhouette.  Features:   This high waist shapewear boyshorts for women's tummy control will Shape your Waist Immediately. Designed to provide a firm but comfortable compression, helping to smooth out any bumps or bulges and create a more streamlined silhouette.  This high-waist panty mid-thigh body shaper bodysuit shapewear for women will slim your thigh. The compression fabric gently shapes and smoothes the thighs, creating a slimming effect and minimizing the appearance of cellulite.  Keep your skin dry and prevents friction between the thighs, reducing the likelihood of chafing and irritation.  The seamless design helps to prevent any visible lines, ensuring a discreet look under clothing.  Fabric Details\u00a0\uff1a90% Nylon\u00a010% Spandex","og_url":"https:\/\/www.okseamless.com\/pt\/produto\/tummy-control-thigh-slimmer-shorts\/","og_site_name":"Custom Seamless Shapewear and Yoga Wear Manufacturer in China","article_publisher":"https:\/\/www.facebook.com\/share\/1TH24JnBgY\/?mibextid=wwXIfr","og_image":[{"width":1600,"height":1600,"url":"https:\/\/www.okseamless.com\/wp-content\/uploads\/2025\/04\/DM_20250408183955_003.jpg","type":"image\/jpeg"}],"twitter_card":"summary_large_image","twitter_misc":{"Gesch\u00e4tzte Lesezeit":"1\u00a0Minute"},"schema":{"@context":"https:\/\/schema.org","@graph":[{"@type":"WebPage","@id":"https:\/\/www.okseamless.com\/pt\/produto\/tummy-control-thigh-slimmer-shorts\/","url":"https:\/\/www.okseamless.com\/pt\/produto\/tummy-control-thigh-slimmer-shorts\/","name":"Tummy Control Thigh Slimmer Shorts - Custom Seamless Shapewear and Yoga Wear Manufacturer in China","isPartOf":{"@id":"https:\/\/www.okseamless.com\/pt\/#website"},"primaryImageOfPage":{"@id":"https:\/\/www.okseamless.com\/pt\/produto\/tummy-control-thigh-slimmer-shorts\/#primaryimage"},"image":{"@id":"https:\/\/www.okseamless.com\/pt\/produto\/tummy-control-thigh-slimmer-shorts\/#primaryimage"},"thumbnailUrl":"https:\/\/okseamless.com\/wp-content\/uploads\/2025\/04\/DM_20250408183955_003.jpg","datePublished":"2025-04-11T04:32:29+00:00","breadcrumb":{"@id":"https:\/\/www.okseamless.com\/pt\/produto\/tummy-control-thigh-slimmer-shorts\/#breadcrumb"},"inLanguage":"de","potentialAction":[{"@type":"ReadAction","target":["https:\/\/www.okseamless.com\/pt\/produto\/tummy-control-thigh-slimmer-shorts\/"]}]},{"@type":"ImageObject","inLanguage":"de","@id":"https:\/\/www.okseamless.com\/pt\/produto\/tummy-control-thigh-slimmer-shorts\/#primaryimage","url":"https:\/\/okseamless.com\/wp-content\/uploads\/2025\/04\/DM_20250408183955_003.jpg","contentUrl":"https:\/\/okseamless.com\/wp-content\/uploads\/2025\/04\/DM_20250408183955_003.jpg","width":1600,"height":1600},{"@type":"BreadcrumbList","@id":"https:\/\/www.okseamless.com\/pt\/produto\/tummy-control-thigh-slimmer-shorts\/#breadcrumb","itemListElement":[{"@type":"ListItem","position":1,"name":"\u9996\u9875","item":"https:\/\/okseamless.com\/"},{"@type":"ListItem","position":2,"name":"Produtos","item":"https:\/\/www.okseamless.com\/pt\/shop\/"},{"@type":"ListItem","position":3,"name":"Tummy Control Thigh Slimmer Shorts"}]},{"@type":"WebSite","@id":"https:\/\/www.okseamless.com\/pt\/#website","url":"https:\/\/www.okseamless.com\/pt\/","name":"Custom Seamless Shapewear and Yoga Wear Manufacturer in China","description":"","publisher":{"@id":"https:\/\/www.okseamless.com\/pt\/#organization"},"potentialAction":[{"@type":"SearchAction","target":{"@type":"EntryPoint","urlTemplate":"https:\/\/www.okseamless.com\/pt\/?s={search_term_string}"},"query-input":{"@type":"PropertyValueSpecification","valueRequired":true,"valueName":"search_term_string"}}],"inLanguage":"de"},{"@type":"Organization","@id":"https:\/\/www.okseamless.com\/pt\/#organization","name":"Custom Seamless Shapewear and Yoga Wear Manufacturer in China","url":"https:\/\/www.okseamless.com\/pt\/","logo":{"@type":"ImageObject","inLanguage":"de","@id":"https:\/\/www.okseamless.com\/pt\/#\/schema\/logo\/image\/","url":"https:\/\/okseamless.com\/wp-content\/uploads\/2025\/03\/LOGO.png","contentUrl":"https:\/\/okseamless.com\/wp-content\/uploads\/2025\/03\/LOGO.png","width":685,"height":218,"caption":"Custom Seamless Shapewear and Yoga Wear Manufacturer in China"},"image":{"@id":"https:\/\/www.okseamless.com\/pt\/#\/schema\/logo\/image\/"},"sameAs":["https:\/\/www.facebook.com\/share\/1TH24JnBgY\/?mibextid=wwXIfr"]}]}},"_links":{"self":[{"href":"https:\/\/okseamless.com\/de\/wp-json\/wp\/v2\/product\/2584","targetHints":{"allow":["GET"]}}],"collection":[{"href":"https:\/\/okseamless.com\/de\/wp-json\/wp\/v2\/product"}],"about":[{"href":"https:\/\/okseamless.com\/de\/wp-json\/wp\/v2\/types\/product"}],"wp:featuredmedia":[{"embeddable":true,"href":"https:\/\/okseamless.com\/de\/wp-json\/wp\/v2\/media\/2586"}],"wp:attachment":[{"href":"https:\/\/okseamless.com\/de\/wp-json\/wp\/v2\/media?parent=2584"}],"wp:term":[{"taxonomy":"product_brand","embeddable":true,"href":"https:\/\/okseamless.com\/de\/wp-json\/wp\/v2\/product_brand?post=2584"},{"taxonomy":"product_cat","embeddable":true,"href":"https:\/\/okseamless.com\/de\/wp-json\/wp\/v2\/product_cat?post=2584"},{"taxonomy":"product_tag","embeddable":true,"href":"https:\/\/okseamless.com\/de\/wp-json\/wp\/v2\/product_tag?post=2584"}],"curies":[{"name":"wp","href":"https:\/\/api.w.org\/{rel}","templated":true}]}}