{"id":2499,"date":"2025-04-11T02:19:15","date_gmt":"2025-04-11T02:19:15","guid":{"rendered":"https:\/\/okseamless.com\/?post_type=product&#038;p=2499"},"modified":"2025-04-11T02:19:15","modified_gmt":"2025-04-11T02:19:15","slug":"high-waist-seamless-body-shaper-shorts","status":"publish","type":"product","link":"https:\/\/okseamless.com\/de\/produkt\/high-waist-seamless-body-shaper-shorts\/","title":{"rendered":"Nahtlose Body Shaper Shorts mit hoher Taille"},"content":{"rendered":"","protected":false},"excerpt":{"rendered":"<p>Modell-Nr.:JS023<\/p>\n<p><strong><b>Beschreibung<\/b><\/strong><\/p>\n<p>Diese nahtlose High Waisted Shorts aus leichtem, figurformendem Stretchmaterial sorgt f\u00fcr eine atmungsaktive und bequeme Schlankheitskur, die Ihren K\u00f6rper in allen \"Passformen\" glatt und kurvig aussehen l\u00e4sst. Sie bietet eine Kombination aus Komfort, Unterst\u00fctzung und Formgebung und ist damit die ideale Wahl f\u00fcr alle, die ihre untere K\u00f6rpersilhouette verbessern m\u00f6chten.<\/p>\n<p><strong><b>Eigenschaften<\/b><\/strong><strong><b>:<\/b><\/strong><\/p>\n<ul>\n<li>Design mit intelligenten segmentierten Schnitt, halten intelligente Kompression auf verschiedenen K\u00f6rperteilen, bequem und dehnbar mit voller Abdeckung f\u00fcr Bauch, R\u00fccken und Taille Gl\u00e4ttung.<\/li>\n<li>Das einlagige Mesh-Gewebe an den Beinen sorgt f\u00fcr eine sanfte Kompression der Oberschenkel und verhindert Scheuerstellen.<\/li>\n<li>Es h\u00e4lt die Haut trocken und verhindert Reibung zwischen den Oberschenkeln, wodurch die Wahrscheinlichkeit von Scheuerstellen und Reizungen verringert wird.<\/li>\n<li>Das nahtlose Design verhindert sichtbare Falten und sorgt f\u00fcr ein diskretes Aussehen unter der Kleidung.<\/li>\n<\/ul>\n<p><strong><b>Stoff Details<\/b><\/strong><strong><b>\u00a0<\/b><\/strong><strong><b>\uff1a<\/b><\/strong>80% Nylon 20% Elasthan<\/p>","protected":false},"featured_media":2517,"template":"","meta":[],"product_brand":[],"product_cat":[36],"product_tag":[],"class_list":{"0":"post-2499","1":"product","2":"type-product","3":"status-publish","4":"has-post-thumbnail","6":"product_cat-womens-bottoms","8":"first","9":"instock","10":"shipping-taxable","11":"product-type-simple"},"yoast_head":"<!-- This site is optimized with the Yoast SEO plugin v27.4 - https:\/\/yoast.com\/product\/yoast-seo-wordpress\/ -->\n<title>High Waist Seamless Body Shaper Shorts - Custom Seamless Shapewear and Yoga Wear Manufacturer in China<\/title>\n<meta name=\"robots\" content=\"index, follow, max-snippet:-1, max-image-preview:large, max-video-preview:-1\" \/>\n<link rel=\"canonical\" href=\"https:\/\/www.okseamless.com\/product\/high-waist-seamless-body-shaper-shorts\/\" \/>\n<meta property=\"og:locale\" content=\"de_DE\" \/>\n<meta property=\"og:type\" content=\"article\" \/>\n<meta property=\"og:title\" content=\"High Waist Seamless Body Shaper Shorts - Custom Seamless Shapewear and Yoga Wear Manufacturer in China\" \/>\n<meta property=\"og:description\" content=\"Model No:JS023  Description  This Seamless High Waisted Shorts in lightweight, figure-sculpting stretch for breathable and comfortable slimming that keeps your body looking smooth and curvy in all your &quot;fits&quot;. Offered a combination of comfort, support, and shaping, making them an ideal choice for those looking to enhance their lower body silhouette.  Features:   Design with smart segmented cutting, keep smart compression on different body parts, comfy and stretchy with full coverage for tummy, back, and waist smoothing.  The single-layered mesh fabric in the legs softly compresses your thighs and prevents chafing.  Keep your skin dry and prevents friction between the thighs, reducing the likelihood of chafing and irritation.  The seamless design helps to prevent any visible lines, ensuring a discreet look under clothing.  Fabric Details\u00a0\uff1a80% Nylon\u00a020% Spandex\" \/>\n<meta property=\"og:url\" content=\"https:\/\/www.okseamless.com\/product\/high-waist-seamless-body-shaper-shorts\/\" \/>\n<meta property=\"og:site_name\" content=\"Custom Seamless Shapewear and Yoga Wear Manufacturer in China\" \/>\n<meta property=\"article:publisher\" content=\"https:\/\/www.facebook.com\/share\/1TH24JnBgY\/?mibextid=wwXIfr\" \/>\n<meta property=\"og:image\" content=\"https:\/\/www.okseamless.com\/wp-content\/uploads\/2025\/04\/DM_20250408183407_006.jpg\" \/>\n\t<meta property=\"og:image:width\" content=\"1600\" \/>\n\t<meta property=\"og:image:height\" content=\"1600\" \/>\n\t<meta property=\"og:image:type\" content=\"image\/jpeg\" \/>\n<meta name=\"twitter:card\" content=\"summary_large_image\" \/>\n<meta name=\"twitter:label1\" content=\"Gesch\u00e4tzte Lesezeit\" \/>\n\t<meta name=\"twitter:data1\" content=\"1\u00a0Minute\" \/>\n<script type=\"application\/ld+json\" class=\"yoast-schema-graph\">{\"@context\":\"https:\\\/\\\/schema.org\",\"@graph\":[{\"@type\":\"WebPage\",\"@id\":\"https:\\\/\\\/www.okseamless.com\\\/product\\\/high-waist-seamless-body-shaper-shorts\\\/\",\"url\":\"https:\\\/\\\/www.okseamless.com\\\/product\\\/high-waist-seamless-body-shaper-shorts\\\/\",\"name\":\"High Waist Seamless Body Shaper Shorts - Custom Seamless Shapewear and Yoga Wear Manufacturer in China\",\"isPartOf\":{\"@id\":\"https:\\\/\\\/www.okseamless.com\\\/pt\\\/#website\"},\"primaryImageOfPage\":{\"@id\":\"https:\\\/\\\/www.okseamless.com\\\/product\\\/high-waist-seamless-body-shaper-shorts\\\/#primaryimage\"},\"image\":{\"@id\":\"https:\\\/\\\/www.okseamless.com\\\/product\\\/high-waist-seamless-body-shaper-shorts\\\/#primaryimage\"},\"thumbnailUrl\":\"https:\\\/\\\/okseamless.com\\\/wp-content\\\/uploads\\\/2025\\\/04\\\/DM_20250408183407_006.jpg\",\"datePublished\":\"2025-04-11T02:19:15+00:00\",\"breadcrumb\":{\"@id\":\"https:\\\/\\\/www.okseamless.com\\\/product\\\/high-waist-seamless-body-shaper-shorts\\\/#breadcrumb\"},\"inLanguage\":\"de\",\"potentialAction\":[{\"@type\":\"ReadAction\",\"target\":[\"https:\\\/\\\/www.okseamless.com\\\/product\\\/high-waist-seamless-body-shaper-shorts\\\/\"]}]},{\"@type\":\"ImageObject\",\"inLanguage\":\"de\",\"@id\":\"https:\\\/\\\/www.okseamless.com\\\/product\\\/high-waist-seamless-body-shaper-shorts\\\/#primaryimage\",\"url\":\"https:\\\/\\\/okseamless.com\\\/wp-content\\\/uploads\\\/2025\\\/04\\\/DM_20250408183407_006.jpg\",\"contentUrl\":\"https:\\\/\\\/okseamless.com\\\/wp-content\\\/uploads\\\/2025\\\/04\\\/DM_20250408183407_006.jpg\",\"width\":1600,\"height\":1600},{\"@type\":\"BreadcrumbList\",\"@id\":\"https:\\\/\\\/www.okseamless.com\\\/product\\\/high-waist-seamless-body-shaper-shorts\\\/#breadcrumb\",\"itemListElement\":[{\"@type\":\"ListItem\",\"position\":1,\"name\":\"\u9996\u9875\",\"item\":\"https:\\\/\\\/okseamless.com\\\/\"},{\"@type\":\"ListItem\",\"position\":2,\"name\":\"Produtos\",\"item\":\"https:\\\/\\\/www.okseamless.com\\\/pt\\\/shop\\\/\"},{\"@type\":\"ListItem\",\"position\":3,\"name\":\"High Waist Seamless Body Shaper Shorts\"}]},{\"@type\":\"WebSite\",\"@id\":\"https:\\\/\\\/www.okseamless.com\\\/pt\\\/#website\",\"url\":\"https:\\\/\\\/www.okseamless.com\\\/pt\\\/\",\"name\":\"Custom Seamless Shapewear and Yoga Wear Manufacturer in China\",\"description\":\"\",\"publisher\":{\"@id\":\"https:\\\/\\\/www.okseamless.com\\\/pt\\\/#organization\"},\"potentialAction\":[{\"@type\":\"SearchAction\",\"target\":{\"@type\":\"EntryPoint\",\"urlTemplate\":\"https:\\\/\\\/www.okseamless.com\\\/pt\\\/?s={search_term_string}\"},\"query-input\":{\"@type\":\"PropertyValueSpecification\",\"valueRequired\":true,\"valueName\":\"search_term_string\"}}],\"inLanguage\":\"de\"},{\"@type\":\"Organization\",\"@id\":\"https:\\\/\\\/www.okseamless.com\\\/pt\\\/#organization\",\"name\":\"Custom Seamless Shapewear and Yoga Wear Manufacturer in China\",\"url\":\"https:\\\/\\\/www.okseamless.com\\\/pt\\\/\",\"logo\":{\"@type\":\"ImageObject\",\"inLanguage\":\"de\",\"@id\":\"https:\\\/\\\/www.okseamless.com\\\/pt\\\/#\\\/schema\\\/logo\\\/image\\\/\",\"url\":\"https:\\\/\\\/okseamless.com\\\/wp-content\\\/uploads\\\/2025\\\/03\\\/LOGO.png\",\"contentUrl\":\"https:\\\/\\\/okseamless.com\\\/wp-content\\\/uploads\\\/2025\\\/03\\\/LOGO.png\",\"width\":685,\"height\":218,\"caption\":\"Custom Seamless Shapewear and Yoga Wear Manufacturer in China\"},\"image\":{\"@id\":\"https:\\\/\\\/www.okseamless.com\\\/pt\\\/#\\\/schema\\\/logo\\\/image\\\/\"},\"sameAs\":[\"https:\\\/\\\/www.facebook.com\\\/share\\\/1TH24JnBgY\\\/?mibextid=wwXIfr\"]}]}<\/script>\n<!-- \/ Yoast SEO plugin. -->","yoast_head_json":{"title":"High Waist Seamless Body Shaper Shorts - Custom Seamless Shapewear and Yoga Wear Manufacturer in China","robots":{"index":"index","follow":"follow","max-snippet":"max-snippet:-1","max-image-preview":"max-image-preview:large","max-video-preview":"max-video-preview:-1"},"canonical":"https:\/\/www.okseamless.com\/product\/high-waist-seamless-body-shaper-shorts\/","og_locale":"de_DE","og_type":"article","og_title":"High Waist Seamless Body Shaper Shorts - Custom Seamless Shapewear and Yoga Wear Manufacturer in China","og_description":"Model No:JS023  Description  This Seamless High Waisted Shorts in lightweight, figure-sculpting stretch for breathable and comfortable slimming that keeps your body looking smooth and curvy in all your \"fits\". Offered a combination of comfort, support, and shaping, making them an ideal choice for those looking to enhance their lower body silhouette.  Features:   Design with smart segmented cutting, keep smart compression on different body parts, comfy and stretchy with full coverage for tummy, back, and waist smoothing.  The single-layered mesh fabric in the legs softly compresses your thighs and prevents chafing.  Keep your skin dry and prevents friction between the thighs, reducing the likelihood of chafing and irritation.  The seamless design helps to prevent any visible lines, ensuring a discreet look under clothing.  Fabric Details\u00a0\uff1a80% Nylon\u00a020% Spandex","og_url":"https:\/\/www.okseamless.com\/product\/high-waist-seamless-body-shaper-shorts\/","og_site_name":"Custom Seamless Shapewear and Yoga Wear Manufacturer in China","article_publisher":"https:\/\/www.facebook.com\/share\/1TH24JnBgY\/?mibextid=wwXIfr","og_image":[{"width":1600,"height":1600,"url":"https:\/\/www.okseamless.com\/wp-content\/uploads\/2025\/04\/DM_20250408183407_006.jpg","type":"image\/jpeg"}],"twitter_card":"summary_large_image","twitter_misc":{"Gesch\u00e4tzte Lesezeit":"1\u00a0Minute"},"schema":{"@context":"https:\/\/schema.org","@graph":[{"@type":"WebPage","@id":"https:\/\/www.okseamless.com\/product\/high-waist-seamless-body-shaper-shorts\/","url":"https:\/\/www.okseamless.com\/product\/high-waist-seamless-body-shaper-shorts\/","name":"High Waist Seamless Body Shaper Shorts - Custom Seamless Shapewear and Yoga Wear Manufacturer in China","isPartOf":{"@id":"https:\/\/www.okseamless.com\/pt\/#website"},"primaryImageOfPage":{"@id":"https:\/\/www.okseamless.com\/product\/high-waist-seamless-body-shaper-shorts\/#primaryimage"},"image":{"@id":"https:\/\/www.okseamless.com\/product\/high-waist-seamless-body-shaper-shorts\/#primaryimage"},"thumbnailUrl":"https:\/\/okseamless.com\/wp-content\/uploads\/2025\/04\/DM_20250408183407_006.jpg","datePublished":"2025-04-11T02:19:15+00:00","breadcrumb":{"@id":"https:\/\/www.okseamless.com\/product\/high-waist-seamless-body-shaper-shorts\/#breadcrumb"},"inLanguage":"de","potentialAction":[{"@type":"ReadAction","target":["https:\/\/www.okseamless.com\/product\/high-waist-seamless-body-shaper-shorts\/"]}]},{"@type":"ImageObject","inLanguage":"de","@id":"https:\/\/www.okseamless.com\/product\/high-waist-seamless-body-shaper-shorts\/#primaryimage","url":"https:\/\/okseamless.com\/wp-content\/uploads\/2025\/04\/DM_20250408183407_006.jpg","contentUrl":"https:\/\/okseamless.com\/wp-content\/uploads\/2025\/04\/DM_20250408183407_006.jpg","width":1600,"height":1600},{"@type":"BreadcrumbList","@id":"https:\/\/www.okseamless.com\/product\/high-waist-seamless-body-shaper-shorts\/#breadcrumb","itemListElement":[{"@type":"ListItem","position":1,"name":"\u9996\u9875","item":"https:\/\/okseamless.com\/"},{"@type":"ListItem","position":2,"name":"Produtos","item":"https:\/\/www.okseamless.com\/pt\/shop\/"},{"@type":"ListItem","position":3,"name":"High Waist Seamless Body Shaper Shorts"}]},{"@type":"WebSite","@id":"https:\/\/www.okseamless.com\/pt\/#website","url":"https:\/\/www.okseamless.com\/pt\/","name":"Custom Seamless Shapewear and Yoga Wear Manufacturer in China","description":"","publisher":{"@id":"https:\/\/www.okseamless.com\/pt\/#organization"},"potentialAction":[{"@type":"SearchAction","target":{"@type":"EntryPoint","urlTemplate":"https:\/\/www.okseamless.com\/pt\/?s={search_term_string}"},"query-input":{"@type":"PropertyValueSpecification","valueRequired":true,"valueName":"search_term_string"}}],"inLanguage":"de"},{"@type":"Organization","@id":"https:\/\/www.okseamless.com\/pt\/#organization","name":"Custom Seamless Shapewear and Yoga Wear Manufacturer in China","url":"https:\/\/www.okseamless.com\/pt\/","logo":{"@type":"ImageObject","inLanguage":"de","@id":"https:\/\/www.okseamless.com\/pt\/#\/schema\/logo\/image\/","url":"https:\/\/okseamless.com\/wp-content\/uploads\/2025\/03\/LOGO.png","contentUrl":"https:\/\/okseamless.com\/wp-content\/uploads\/2025\/03\/LOGO.png","width":685,"height":218,"caption":"Custom Seamless Shapewear and Yoga Wear Manufacturer in China"},"image":{"@id":"https:\/\/www.okseamless.com\/pt\/#\/schema\/logo\/image\/"},"sameAs":["https:\/\/www.facebook.com\/share\/1TH24JnBgY\/?mibextid=wwXIfr"]}]}},"_links":{"self":[{"href":"https:\/\/okseamless.com\/de\/wp-json\/wp\/v2\/product\/2499","targetHints":{"allow":["GET"]}}],"collection":[{"href":"https:\/\/okseamless.com\/de\/wp-json\/wp\/v2\/product"}],"about":[{"href":"https:\/\/okseamless.com\/de\/wp-json\/wp\/v2\/types\/product"}],"wp:featuredmedia":[{"embeddable":true,"href":"https:\/\/okseamless.com\/de\/wp-json\/wp\/v2\/media\/2517"}],"wp:attachment":[{"href":"https:\/\/okseamless.com\/de\/wp-json\/wp\/v2\/media?parent=2499"}],"wp:term":[{"taxonomy":"product_brand","embeddable":true,"href":"https:\/\/okseamless.com\/de\/wp-json\/wp\/v2\/product_brand?post=2499"},{"taxonomy":"product_cat","embeddable":true,"href":"https:\/\/okseamless.com\/de\/wp-json\/wp\/v2\/product_cat?post=2499"},{"taxonomy":"product_tag","embeddable":true,"href":"https:\/\/okseamless.com\/de\/wp-json\/wp\/v2\/product_tag?post=2499"}],"curies":[{"name":"wp","href":"https:\/\/api.w.org\/{rel}","templated":true}]}}