{"id":2473,"date":"2025-04-11T02:06:27","date_gmt":"2025-04-11T02:06:27","guid":{"rendered":"https:\/\/okseamless.com\/?post_type=product&#038;p=2473"},"modified":"2025-04-11T02:06:27","modified_gmt":"2025-04-11T02:06:27","slug":"elastic-anti-chafing-lace-shorts","status":"publish","type":"product","link":"https:\/\/okseamless.com\/de\/produkt\/elastic-anti-chafing-lace-shorts\/","title":{"rendered":"Elastische Anti-Scheuerungs-Spitzen-Shorts"},"content":{"rendered":"","protected":false},"excerpt":{"rendered":"<p>Modell-Nr.: JS018<\/p>\n<p><strong><b>Beschreibung<\/b><\/strong><\/p>\n<p>Sie m\u00f6chten sich in Sekundenschnelle wohlf\u00fchlen und gut aussehen? Die elastischen Anti Chafing Lace Shorts bieten Komfort und Schutz vor Wundscheuern. Sie sind aus einer Mischung aus atmungsaktiven und dehnbaren Materialien hergestellt, die sich eng an den K\u00f6rper anschmiegen. Sie sind in verschiedenen Gr\u00f6\u00dfen und Farben erh\u00e4ltlich, um individuellen Vorlieben gerecht zu werden. Sie bieten eine praktische L\u00f6sung f\u00fcr Frauen, die den ganzen Tag \u00fcber bequem und selbstbewusst bleiben wollen.<\/p>\n<p><strong><b>Eigenschaften<\/b><\/strong><strong><b>:<\/b><\/strong><\/p>\n<ul>\n<li>Dieses H\u00f6schen mit mittlerer bis hoher Taille hilft, Ihren Bauch zu gl\u00e4tten, Ihren Bauch mit leichter Kontrolle zu halten, Ihnen eine glatte und passende K\u00f6rperform zu geben und Sie sexier und auff\u00e4lliger aussehen zu lassen.<\/li>\n<li>Dank des breiten Bundes und des breiten Saums bleibt diese formende Shorts f\u00fcr Frauen immer an der richtigen Stelle, ohne zu verrutschen, sich aufzurollen oder zu kneifen.<\/li>\n<li>Da der Stoff seidig und dehnbar ist, ist dieser Bauch-Control-Shorts nicht nur eine Kontrolle oben Unterw\u00e4sche f\u00fcr Frauen, k\u00f6nnen Sie auch als Slip-Shorts f\u00fcr Kleid, oder Schlaf-Shorts verwenden. Sie k\u00f6nnen es mit einem Rock, Kleid oder Hose zu kleiden, k\u00f6nnten Sie auch tragen sie um Ihr Haus.<\/li>\n<li>Leicht, atmungsaktiv und schnell trocknend.<\/li>\n<li>F\u00fcr einen formvollendeten Look sollten Sie immer unsere Gr\u00f6\u00dfentabelle beachten, um die beste Passform von kleiner bis gro\u00dfer Gr\u00f6\u00dfe zu finden.<\/li>\n<\/ul>\n<p><strong><b>Material<\/b><\/strong><\/p>\n<p>K\u00f6rper\uff1a86%Nylon und 14%-Elasthan<\/p>\n<p>Spitze\uff1a90%Nylon und 10%-Elasthan<\/p>","protected":false},"featured_media":2475,"template":"","meta":[],"product_brand":[],"product_cat":[36],"product_tag":[],"class_list":{"0":"post-2473","1":"product","2":"type-product","3":"status-publish","4":"has-post-thumbnail","6":"product_cat-womens-bottoms","8":"first","9":"instock","10":"shipping-taxable","11":"product-type-simple"},"yoast_head":"<!-- This site is optimized with the Yoast SEO plugin v27.4 - https:\/\/yoast.com\/product\/yoast-seo-wordpress\/ -->\n<title>Elastic Anti Chafing Lace Shorts - Custom Seamless Shapewear and Yoga Wear Manufacturer in China<\/title>\n<meta name=\"robots\" content=\"index, follow, max-snippet:-1, max-image-preview:large, max-video-preview:-1\" \/>\n<link rel=\"canonical\" href=\"https:\/\/www.okseamless.com\/product\/elastic-anti-chafing-lace-shorts\/\" \/>\n<meta property=\"og:locale\" content=\"de_DE\" \/>\n<meta property=\"og:type\" content=\"article\" \/>\n<meta property=\"og:title\" content=\"Elastic Anti Chafing Lace Shorts - Custom Seamless Shapewear and Yoga Wear Manufacturer in China\" \/>\n<meta property=\"og:description\" content=\"Model NO:JS018  Description  Want to feel &amp; look your best in seconds? Elastic Anti Chafing Lace Shorts designed to provide comfort and protection against chafing. They are made from a blend of breathable and stretchable materials that fit snugly against the body. Available in various sizes and colors to suit individual preferences. They provide a practical solution for women looking to stay comfortable and confident throughout the day.  Features:   This mid to high-waist-shaping panties boyshorts helps to flatten your tummy, hold your stomach in with light control, give you a smooth and fitted body shape, and make you look sexier and eye-catching.  With a wide waistband and wide hem design, this shaping shorts for women will always stay in the right place, with no slip and slide, rolling up, or pinching.  Since the fabric is silky and stretchy, this tummy control shorts is not only a control top underwear for women, you can also use it as slip shorts for dress, or sleep shorts. You can dress it with a skirt, dress or pants, you could also wear them around your house.  Lightweight, breathable, and quick drying.  For a more sculpted look, always refer to our size chart for the best fit from small to plus-size shapewear.  Material  Body\uff1a86%Nylon and 14% Spandex  Lace\uff1a90%Nylon and 10% Spandex\" \/>\n<meta property=\"og:url\" content=\"https:\/\/www.okseamless.com\/product\/elastic-anti-chafing-lace-shorts\/\" \/>\n<meta property=\"og:site_name\" content=\"Custom Seamless Shapewear and Yoga Wear Manufacturer in China\" \/>\n<meta property=\"article:publisher\" content=\"https:\/\/www.facebook.com\/share\/1TH24JnBgY\/?mibextid=wwXIfr\" \/>\n<meta property=\"og:image\" content=\"https:\/\/www.okseamless.com\/wp-content\/uploads\/2025\/04\/DM_20250408170551_002.jpg\" \/>\n\t<meta property=\"og:image:width\" content=\"1600\" \/>\n\t<meta property=\"og:image:height\" content=\"1600\" \/>\n\t<meta property=\"og:image:type\" content=\"image\/jpeg\" \/>\n<meta name=\"twitter:card\" content=\"summary_large_image\" \/>\n<meta name=\"twitter:label1\" content=\"Gesch\u00e4tzte Lesezeit\" \/>\n\t<meta name=\"twitter:data1\" content=\"1\u00a0Minute\" \/>\n<script type=\"application\/ld+json\" class=\"yoast-schema-graph\">{\"@context\":\"https:\\\/\\\/schema.org\",\"@graph\":[{\"@type\":\"WebPage\",\"@id\":\"https:\\\/\\\/www.okseamless.com\\\/product\\\/elastic-anti-chafing-lace-shorts\\\/\",\"url\":\"https:\\\/\\\/www.okseamless.com\\\/product\\\/elastic-anti-chafing-lace-shorts\\\/\",\"name\":\"Elastic Anti Chafing Lace Shorts - Custom Seamless Shapewear and Yoga Wear Manufacturer in China\",\"isPartOf\":{\"@id\":\"https:\\\/\\\/www.okseamless.com\\\/pt\\\/#website\"},\"primaryImageOfPage\":{\"@id\":\"https:\\\/\\\/www.okseamless.com\\\/product\\\/elastic-anti-chafing-lace-shorts\\\/#primaryimage\"},\"image\":{\"@id\":\"https:\\\/\\\/www.okseamless.com\\\/product\\\/elastic-anti-chafing-lace-shorts\\\/#primaryimage\"},\"thumbnailUrl\":\"https:\\\/\\\/okseamless.com\\\/wp-content\\\/uploads\\\/2025\\\/04\\\/DM_20250408170551_002.jpg\",\"datePublished\":\"2025-04-11T02:06:27+00:00\",\"breadcrumb\":{\"@id\":\"https:\\\/\\\/www.okseamless.com\\\/product\\\/elastic-anti-chafing-lace-shorts\\\/#breadcrumb\"},\"inLanguage\":\"de\",\"potentialAction\":[{\"@type\":\"ReadAction\",\"target\":[\"https:\\\/\\\/www.okseamless.com\\\/product\\\/elastic-anti-chafing-lace-shorts\\\/\"]}]},{\"@type\":\"ImageObject\",\"inLanguage\":\"de\",\"@id\":\"https:\\\/\\\/www.okseamless.com\\\/product\\\/elastic-anti-chafing-lace-shorts\\\/#primaryimage\",\"url\":\"https:\\\/\\\/okseamless.com\\\/wp-content\\\/uploads\\\/2025\\\/04\\\/DM_20250408170551_002.jpg\",\"contentUrl\":\"https:\\\/\\\/okseamless.com\\\/wp-content\\\/uploads\\\/2025\\\/04\\\/DM_20250408170551_002.jpg\",\"width\":1600,\"height\":1600},{\"@type\":\"BreadcrumbList\",\"@id\":\"https:\\\/\\\/www.okseamless.com\\\/product\\\/elastic-anti-chafing-lace-shorts\\\/#breadcrumb\",\"itemListElement\":[{\"@type\":\"ListItem\",\"position\":1,\"name\":\"\u9996\u9875\",\"item\":\"https:\\\/\\\/okseamless.com\\\/\"},{\"@type\":\"ListItem\",\"position\":2,\"name\":\"Produtos\",\"item\":\"https:\\\/\\\/www.okseamless.com\\\/pt\\\/shop\\\/\"},{\"@type\":\"ListItem\",\"position\":3,\"name\":\"Elastic Anti Chafing Lace Shorts\"}]},{\"@type\":\"WebSite\",\"@id\":\"https:\\\/\\\/www.okseamless.com\\\/pt\\\/#website\",\"url\":\"https:\\\/\\\/www.okseamless.com\\\/pt\\\/\",\"name\":\"Custom Seamless Shapewear and Yoga Wear Manufacturer in China\",\"description\":\"\",\"publisher\":{\"@id\":\"https:\\\/\\\/www.okseamless.com\\\/pt\\\/#organization\"},\"potentialAction\":[{\"@type\":\"SearchAction\",\"target\":{\"@type\":\"EntryPoint\",\"urlTemplate\":\"https:\\\/\\\/www.okseamless.com\\\/pt\\\/?s={search_term_string}\"},\"query-input\":{\"@type\":\"PropertyValueSpecification\",\"valueRequired\":true,\"valueName\":\"search_term_string\"}}],\"inLanguage\":\"de\"},{\"@type\":\"Organization\",\"@id\":\"https:\\\/\\\/www.okseamless.com\\\/pt\\\/#organization\",\"name\":\"Custom Seamless Shapewear and Yoga Wear Manufacturer in China\",\"url\":\"https:\\\/\\\/www.okseamless.com\\\/pt\\\/\",\"logo\":{\"@type\":\"ImageObject\",\"inLanguage\":\"de\",\"@id\":\"https:\\\/\\\/www.okseamless.com\\\/pt\\\/#\\\/schema\\\/logo\\\/image\\\/\",\"url\":\"https:\\\/\\\/okseamless.com\\\/wp-content\\\/uploads\\\/2025\\\/03\\\/LOGO.png\",\"contentUrl\":\"https:\\\/\\\/okseamless.com\\\/wp-content\\\/uploads\\\/2025\\\/03\\\/LOGO.png\",\"width\":685,\"height\":218,\"caption\":\"Custom Seamless Shapewear and Yoga Wear Manufacturer in China\"},\"image\":{\"@id\":\"https:\\\/\\\/www.okseamless.com\\\/pt\\\/#\\\/schema\\\/logo\\\/image\\\/\"},\"sameAs\":[\"https:\\\/\\\/www.facebook.com\\\/share\\\/1TH24JnBgY\\\/?mibextid=wwXIfr\"]}]}<\/script>\n<!-- \/ Yoast SEO plugin. -->","yoast_head_json":{"title":"Elastic Anti Chafing Lace Shorts - Custom Seamless Shapewear and Yoga Wear Manufacturer in China","robots":{"index":"index","follow":"follow","max-snippet":"max-snippet:-1","max-image-preview":"max-image-preview:large","max-video-preview":"max-video-preview:-1"},"canonical":"https:\/\/www.okseamless.com\/product\/elastic-anti-chafing-lace-shorts\/","og_locale":"de_DE","og_type":"article","og_title":"Elastic Anti Chafing Lace Shorts - Custom Seamless Shapewear and Yoga Wear Manufacturer in China","og_description":"Model NO:JS018  Description  Want to feel &amp; look your best in seconds? Elastic Anti Chafing Lace Shorts designed to provide comfort and protection against chafing. They are made from a blend of breathable and stretchable materials that fit snugly against the body. Available in various sizes and colors to suit individual preferences. They provide a practical solution for women looking to stay comfortable and confident throughout the day.  Features:   This mid to high-waist-shaping panties boyshorts helps to flatten your tummy, hold your stomach in with light control, give you a smooth and fitted body shape, and make you look sexier and eye-catching.  With a wide waistband and wide hem design, this shaping shorts for women will always stay in the right place, with no slip and slide, rolling up, or pinching.  Since the fabric is silky and stretchy, this tummy control shorts is not only a control top underwear for women, you can also use it as slip shorts for dress, or sleep shorts. You can dress it with a skirt, dress or pants, you could also wear them around your house.  Lightweight, breathable, and quick drying.  For a more sculpted look, always refer to our size chart for the best fit from small to plus-size shapewear.  Material  Body\uff1a86%Nylon and 14% Spandex  Lace\uff1a90%Nylon and 10% Spandex","og_url":"https:\/\/www.okseamless.com\/product\/elastic-anti-chafing-lace-shorts\/","og_site_name":"Custom Seamless Shapewear and Yoga Wear Manufacturer in China","article_publisher":"https:\/\/www.facebook.com\/share\/1TH24JnBgY\/?mibextid=wwXIfr","og_image":[{"width":1600,"height":1600,"url":"https:\/\/www.okseamless.com\/wp-content\/uploads\/2025\/04\/DM_20250408170551_002.jpg","type":"image\/jpeg"}],"twitter_card":"summary_large_image","twitter_misc":{"Gesch\u00e4tzte Lesezeit":"1\u00a0Minute"},"schema":{"@context":"https:\/\/schema.org","@graph":[{"@type":"WebPage","@id":"https:\/\/www.okseamless.com\/product\/elastic-anti-chafing-lace-shorts\/","url":"https:\/\/www.okseamless.com\/product\/elastic-anti-chafing-lace-shorts\/","name":"Elastic Anti Chafing Lace Shorts - Custom Seamless Shapewear and Yoga Wear Manufacturer in China","isPartOf":{"@id":"https:\/\/www.okseamless.com\/pt\/#website"},"primaryImageOfPage":{"@id":"https:\/\/www.okseamless.com\/product\/elastic-anti-chafing-lace-shorts\/#primaryimage"},"image":{"@id":"https:\/\/www.okseamless.com\/product\/elastic-anti-chafing-lace-shorts\/#primaryimage"},"thumbnailUrl":"https:\/\/okseamless.com\/wp-content\/uploads\/2025\/04\/DM_20250408170551_002.jpg","datePublished":"2025-04-11T02:06:27+00:00","breadcrumb":{"@id":"https:\/\/www.okseamless.com\/product\/elastic-anti-chafing-lace-shorts\/#breadcrumb"},"inLanguage":"de","potentialAction":[{"@type":"ReadAction","target":["https:\/\/www.okseamless.com\/product\/elastic-anti-chafing-lace-shorts\/"]}]},{"@type":"ImageObject","inLanguage":"de","@id":"https:\/\/www.okseamless.com\/product\/elastic-anti-chafing-lace-shorts\/#primaryimage","url":"https:\/\/okseamless.com\/wp-content\/uploads\/2025\/04\/DM_20250408170551_002.jpg","contentUrl":"https:\/\/okseamless.com\/wp-content\/uploads\/2025\/04\/DM_20250408170551_002.jpg","width":1600,"height":1600},{"@type":"BreadcrumbList","@id":"https:\/\/www.okseamless.com\/product\/elastic-anti-chafing-lace-shorts\/#breadcrumb","itemListElement":[{"@type":"ListItem","position":1,"name":"\u9996\u9875","item":"https:\/\/okseamless.com\/"},{"@type":"ListItem","position":2,"name":"Produtos","item":"https:\/\/www.okseamless.com\/pt\/shop\/"},{"@type":"ListItem","position":3,"name":"Elastic Anti Chafing Lace Shorts"}]},{"@type":"WebSite","@id":"https:\/\/www.okseamless.com\/pt\/#website","url":"https:\/\/www.okseamless.com\/pt\/","name":"Custom Seamless Shapewear and Yoga Wear Manufacturer in China","description":"","publisher":{"@id":"https:\/\/www.okseamless.com\/pt\/#organization"},"potentialAction":[{"@type":"SearchAction","target":{"@type":"EntryPoint","urlTemplate":"https:\/\/www.okseamless.com\/pt\/?s={search_term_string}"},"query-input":{"@type":"PropertyValueSpecification","valueRequired":true,"valueName":"search_term_string"}}],"inLanguage":"de"},{"@type":"Organization","@id":"https:\/\/www.okseamless.com\/pt\/#organization","name":"Custom Seamless Shapewear and Yoga Wear Manufacturer in China","url":"https:\/\/www.okseamless.com\/pt\/","logo":{"@type":"ImageObject","inLanguage":"de","@id":"https:\/\/www.okseamless.com\/pt\/#\/schema\/logo\/image\/","url":"https:\/\/okseamless.com\/wp-content\/uploads\/2025\/03\/LOGO.png","contentUrl":"https:\/\/okseamless.com\/wp-content\/uploads\/2025\/03\/LOGO.png","width":685,"height":218,"caption":"Custom Seamless Shapewear and Yoga Wear Manufacturer in China"},"image":{"@id":"https:\/\/www.okseamless.com\/pt\/#\/schema\/logo\/image\/"},"sameAs":["https:\/\/www.facebook.com\/share\/1TH24JnBgY\/?mibextid=wwXIfr"]}]}},"_links":{"self":[{"href":"https:\/\/okseamless.com\/de\/wp-json\/wp\/v2\/product\/2473","targetHints":{"allow":["GET"]}}],"collection":[{"href":"https:\/\/okseamless.com\/de\/wp-json\/wp\/v2\/product"}],"about":[{"href":"https:\/\/okseamless.com\/de\/wp-json\/wp\/v2\/types\/product"}],"wp:featuredmedia":[{"embeddable":true,"href":"https:\/\/okseamless.com\/de\/wp-json\/wp\/v2\/media\/2475"}],"wp:attachment":[{"href":"https:\/\/okseamless.com\/de\/wp-json\/wp\/v2\/media?parent=2473"}],"wp:term":[{"taxonomy":"product_brand","embeddable":true,"href":"https:\/\/okseamless.com\/de\/wp-json\/wp\/v2\/product_brand?post=2473"},{"taxonomy":"product_cat","embeddable":true,"href":"https:\/\/okseamless.com\/de\/wp-json\/wp\/v2\/product_cat?post=2473"},{"taxonomy":"product_tag","embeddable":true,"href":"https:\/\/okseamless.com\/de\/wp-json\/wp\/v2\/product_tag?post=2473"}],"curies":[{"name":"wp","href":"https:\/\/api.w.org\/{rel}","templated":true}]}}