{"id":2315,"date":"2025-04-10T05:44:18","date_gmt":"2025-04-10T05:44:18","guid":{"rendered":"https:\/\/okseamless.com\/?post_type=product&#038;p=2315"},"modified":"2025-04-10T05:44:18","modified_gmt":"2025-04-10T05:44:18","slug":"seamless-lace-shapewear-tank-with-padded-bra","status":"publish","type":"product","link":"https:\/\/okseamless.com\/de\/produkt\/seamless-lace-shapewear-tank-with-padded-bra\/","title":{"rendered":"Nahtloses Shapewear-Tank aus Spitze mit gepolstertem BH"},"content":{"rendered":"","protected":false},"excerpt":{"rendered":"<p>Modell Nr.:JS005<\/p>\n<h4><strong>Beschreibung<\/strong><\/h4>\n<p>Schl\u00fcpfen Sie in dieses Essentials Shaping Tank und sehen Sie in Sekundenschnelle besser aus.  Dieses Tank-Top ist mit einem 360-Grad-Kontroll-Panel ausgestattet, das die Taille verschlankt, Fettp\u00f6lsterchen gl\u00e4ttet, Muffin-Oberteile kontrolliert und den Busen strafft.  Tragen Sie es zu Jeans, Loungehosen oder kombinieren Sie es mit Leggings und einem Blazer. Ein Basic, das Sie immer brauchen k\u00f6nnen!<\/p>\n<p><strong>Eigenschaften<\/strong><\/p>\n<ul>\n<li>Mit seitlich gerippter, breiterer Taille und h\u00f6herem, elastischem und bequemem Material, das f\u00fcr mehr Kompression sorgt.<\/li>\n<li>Ausgestattet mit herausnehmbaren Pads, die den Busen heben und st\u00e4rken.<\/li>\n<li>Breite Anti-Chaing-Tr\u00e4ger sorgen daf\u00fcr, dass Ihre sch\u00f6nen Tanktops an der richtigen Stelle bleiben.<\/li>\n<li>Bestes Material f\u00fcr bessere Flexibilit\u00e4t und ein besonders leichtes Tragegef\u00fchl.<\/li>\n<li>Perfekt f\u00fcr den Alltag oder als bequemes Kleidungsst\u00fcck f\u00fcr mehrere Schichten.<\/li>\n<\/ul>\n<p><strong>Stoff Details<\/strong><strong>\u00a0: <\/strong>96% Nylon 4% Elasthan<\/p>","protected":false},"featured_media":2319,"template":"","meta":[],"product_brand":[],"product_cat":[35],"product_tag":[],"class_list":{"0":"post-2315","1":"product","2":"type-product","3":"status-publish","4":"has-post-thumbnail","6":"product_cat-womens-tops","8":"first","9":"instock","10":"shipping-taxable","11":"product-type-simple"},"yoast_head":"<!-- This site is optimized with the Yoast SEO plugin v27.4 - https:\/\/yoast.com\/product\/yoast-seo-wordpress\/ -->\n<title>Seamless Lace Shapewear Tank With Padded Bra - Custom Seamless Shapewear and Yoga Wear Manufacturer in China<\/title>\n<meta name=\"robots\" content=\"index, follow, max-snippet:-1, max-image-preview:large, max-video-preview:-1\" \/>\n<link rel=\"canonical\" href=\"https:\/\/www.okseamless.com\/product\/seamless-lace-shapewear-tank-with-padded-bra\/\" \/>\n<meta property=\"og:locale\" content=\"de_DE\" \/>\n<meta property=\"og:type\" content=\"article\" \/>\n<meta property=\"og:title\" content=\"Seamless Lace Shapewear Tank With Padded Bra - Custom Seamless Shapewear and Yoga Wear Manufacturer in China\" \/>\n<meta property=\"og:description\" content=\"Model No:JS005 Description Slip into this Essentials Shaping Tank and look your best in seconds.\u00a0 Made with a 360-degree control panel, this tank top slims the waist while smoothing love handles, controlling muffin tops, and giving the bust a lift.\u00a0 Wear it with jeans, lounge pants or pair it with leggings and a blazer. A basic you can always use!  Features   Features widening Ribbed Side Waist and higher elastic &amp; comfy fabric, which provides more compression.  Features with removable pads to lift and strengthen the bust.  Anti-Chaing wide straps help your lovely tank tops stay in the right place.  Best material for better flexibility and the most lightweight feel.  Perfect for everyday wear or as a comfortable layering piece.  Fabric Details\u00a0: 96% Nylon\u00a04% Spandex\" \/>\n<meta property=\"og:url\" content=\"https:\/\/www.okseamless.com\/product\/seamless-lace-shapewear-tank-with-padded-bra\/\" \/>\n<meta property=\"og:site_name\" content=\"Custom Seamless Shapewear and Yoga Wear Manufacturer in China\" \/>\n<meta property=\"article:publisher\" content=\"https:\/\/www.facebook.com\/share\/1TH24JnBgY\/?mibextid=wwXIfr\" \/>\n<meta property=\"og:image\" content=\"https:\/\/www.okseamless.com\/wp-content\/uploads\/2025\/04\/DM_20250408163508_004.jpg\" \/>\n\t<meta property=\"og:image:width\" content=\"1600\" \/>\n\t<meta property=\"og:image:height\" content=\"1600\" \/>\n\t<meta property=\"og:image:type\" content=\"image\/jpeg\" \/>\n<meta name=\"twitter:card\" content=\"summary_large_image\" \/>\n<meta name=\"twitter:label1\" content=\"Gesch\u00e4tzte Lesezeit\" \/>\n\t<meta name=\"twitter:data1\" content=\"1\u00a0Minute\" \/>\n<script type=\"application\/ld+json\" class=\"yoast-schema-graph\">{\"@context\":\"https:\\\/\\\/schema.org\",\"@graph\":[{\"@type\":\"WebPage\",\"@id\":\"https:\\\/\\\/www.okseamless.com\\\/product\\\/seamless-lace-shapewear-tank-with-padded-bra\\\/\",\"url\":\"https:\\\/\\\/www.okseamless.com\\\/product\\\/seamless-lace-shapewear-tank-with-padded-bra\\\/\",\"name\":\"Seamless Lace Shapewear Tank With Padded Bra - Custom Seamless Shapewear and Yoga Wear Manufacturer in China\",\"isPartOf\":{\"@id\":\"https:\\\/\\\/www.okseamless.com\\\/pt\\\/#website\"},\"primaryImageOfPage\":{\"@id\":\"https:\\\/\\\/www.okseamless.com\\\/product\\\/seamless-lace-shapewear-tank-with-padded-bra\\\/#primaryimage\"},\"image\":{\"@id\":\"https:\\\/\\\/www.okseamless.com\\\/product\\\/seamless-lace-shapewear-tank-with-padded-bra\\\/#primaryimage\"},\"thumbnailUrl\":\"https:\\\/\\\/okseamless.com\\\/wp-content\\\/uploads\\\/2025\\\/04\\\/DM_20250408163508_004.jpg\",\"datePublished\":\"2025-04-10T05:44:18+00:00\",\"breadcrumb\":{\"@id\":\"https:\\\/\\\/www.okseamless.com\\\/product\\\/seamless-lace-shapewear-tank-with-padded-bra\\\/#breadcrumb\"},\"inLanguage\":\"de\",\"potentialAction\":[{\"@type\":\"ReadAction\",\"target\":[\"https:\\\/\\\/www.okseamless.com\\\/product\\\/seamless-lace-shapewear-tank-with-padded-bra\\\/\"]}]},{\"@type\":\"ImageObject\",\"inLanguage\":\"de\",\"@id\":\"https:\\\/\\\/www.okseamless.com\\\/product\\\/seamless-lace-shapewear-tank-with-padded-bra\\\/#primaryimage\",\"url\":\"https:\\\/\\\/okseamless.com\\\/wp-content\\\/uploads\\\/2025\\\/04\\\/DM_20250408163508_004.jpg\",\"contentUrl\":\"https:\\\/\\\/okseamless.com\\\/wp-content\\\/uploads\\\/2025\\\/04\\\/DM_20250408163508_004.jpg\",\"width\":1600,\"height\":1600},{\"@type\":\"BreadcrumbList\",\"@id\":\"https:\\\/\\\/www.okseamless.com\\\/product\\\/seamless-lace-shapewear-tank-with-padded-bra\\\/#breadcrumb\",\"itemListElement\":[{\"@type\":\"ListItem\",\"position\":1,\"name\":\"\u9996\u9875\",\"item\":\"https:\\\/\\\/okseamless.com\\\/\"},{\"@type\":\"ListItem\",\"position\":2,\"name\":\"Produtos\",\"item\":\"https:\\\/\\\/www.okseamless.com\\\/pt\\\/shop\\\/\"},{\"@type\":\"ListItem\",\"position\":3,\"name\":\"Seamless Lace Shapewear Tank With Padded Bra\"}]},{\"@type\":\"WebSite\",\"@id\":\"https:\\\/\\\/www.okseamless.com\\\/pt\\\/#website\",\"url\":\"https:\\\/\\\/www.okseamless.com\\\/pt\\\/\",\"name\":\"Custom Seamless Shapewear and Yoga Wear Manufacturer in China\",\"description\":\"\",\"publisher\":{\"@id\":\"https:\\\/\\\/www.okseamless.com\\\/pt\\\/#organization\"},\"potentialAction\":[{\"@type\":\"SearchAction\",\"target\":{\"@type\":\"EntryPoint\",\"urlTemplate\":\"https:\\\/\\\/www.okseamless.com\\\/pt\\\/?s={search_term_string}\"},\"query-input\":{\"@type\":\"PropertyValueSpecification\",\"valueRequired\":true,\"valueName\":\"search_term_string\"}}],\"inLanguage\":\"de\"},{\"@type\":\"Organization\",\"@id\":\"https:\\\/\\\/www.okseamless.com\\\/pt\\\/#organization\",\"name\":\"Custom Seamless Shapewear and Yoga Wear Manufacturer in China\",\"url\":\"https:\\\/\\\/www.okseamless.com\\\/pt\\\/\",\"logo\":{\"@type\":\"ImageObject\",\"inLanguage\":\"de\",\"@id\":\"https:\\\/\\\/www.okseamless.com\\\/pt\\\/#\\\/schema\\\/logo\\\/image\\\/\",\"url\":\"https:\\\/\\\/okseamless.com\\\/wp-content\\\/uploads\\\/2025\\\/03\\\/LOGO.png\",\"contentUrl\":\"https:\\\/\\\/okseamless.com\\\/wp-content\\\/uploads\\\/2025\\\/03\\\/LOGO.png\",\"width\":685,\"height\":218,\"caption\":\"Custom Seamless Shapewear and Yoga Wear Manufacturer in China\"},\"image\":{\"@id\":\"https:\\\/\\\/www.okseamless.com\\\/pt\\\/#\\\/schema\\\/logo\\\/image\\\/\"},\"sameAs\":[\"https:\\\/\\\/www.facebook.com\\\/share\\\/1TH24JnBgY\\\/?mibextid=wwXIfr\"]}]}<\/script>\n<!-- \/ Yoast SEO plugin. -->","yoast_head_json":{"title":"Seamless Lace Shapewear Tank With Padded Bra - Custom Seamless Shapewear and Yoga Wear Manufacturer in China","robots":{"index":"index","follow":"follow","max-snippet":"max-snippet:-1","max-image-preview":"max-image-preview:large","max-video-preview":"max-video-preview:-1"},"canonical":"https:\/\/www.okseamless.com\/product\/seamless-lace-shapewear-tank-with-padded-bra\/","og_locale":"de_DE","og_type":"article","og_title":"Seamless Lace Shapewear Tank With Padded Bra - Custom Seamless Shapewear and Yoga Wear Manufacturer in China","og_description":"Model No:JS005 Description Slip into this Essentials Shaping Tank and look your best in seconds.\u00a0 Made with a 360-degree control panel, this tank top slims the waist while smoothing love handles, controlling muffin tops, and giving the bust a lift.\u00a0 Wear it with jeans, lounge pants or pair it with leggings and a blazer. A basic you can always use!  Features   Features widening Ribbed Side Waist and higher elastic &amp; comfy fabric, which provides more compression.  Features with removable pads to lift and strengthen the bust.  Anti-Chaing wide straps help your lovely tank tops stay in the right place.  Best material for better flexibility and the most lightweight feel.  Perfect for everyday wear or as a comfortable layering piece.  Fabric Details\u00a0: 96% Nylon\u00a04% Spandex","og_url":"https:\/\/www.okseamless.com\/product\/seamless-lace-shapewear-tank-with-padded-bra\/","og_site_name":"Custom Seamless Shapewear and Yoga Wear Manufacturer in China","article_publisher":"https:\/\/www.facebook.com\/share\/1TH24JnBgY\/?mibextid=wwXIfr","og_image":[{"width":1600,"height":1600,"url":"https:\/\/www.okseamless.com\/wp-content\/uploads\/2025\/04\/DM_20250408163508_004.jpg","type":"image\/jpeg"}],"twitter_card":"summary_large_image","twitter_misc":{"Gesch\u00e4tzte Lesezeit":"1\u00a0Minute"},"schema":{"@context":"https:\/\/schema.org","@graph":[{"@type":"WebPage","@id":"https:\/\/www.okseamless.com\/product\/seamless-lace-shapewear-tank-with-padded-bra\/","url":"https:\/\/www.okseamless.com\/product\/seamless-lace-shapewear-tank-with-padded-bra\/","name":"Seamless Lace Shapewear Tank With Padded Bra - Custom Seamless Shapewear and Yoga Wear Manufacturer in China","isPartOf":{"@id":"https:\/\/www.okseamless.com\/pt\/#website"},"primaryImageOfPage":{"@id":"https:\/\/www.okseamless.com\/product\/seamless-lace-shapewear-tank-with-padded-bra\/#primaryimage"},"image":{"@id":"https:\/\/www.okseamless.com\/product\/seamless-lace-shapewear-tank-with-padded-bra\/#primaryimage"},"thumbnailUrl":"https:\/\/okseamless.com\/wp-content\/uploads\/2025\/04\/DM_20250408163508_004.jpg","datePublished":"2025-04-10T05:44:18+00:00","breadcrumb":{"@id":"https:\/\/www.okseamless.com\/product\/seamless-lace-shapewear-tank-with-padded-bra\/#breadcrumb"},"inLanguage":"de","potentialAction":[{"@type":"ReadAction","target":["https:\/\/www.okseamless.com\/product\/seamless-lace-shapewear-tank-with-padded-bra\/"]}]},{"@type":"ImageObject","inLanguage":"de","@id":"https:\/\/www.okseamless.com\/product\/seamless-lace-shapewear-tank-with-padded-bra\/#primaryimage","url":"https:\/\/okseamless.com\/wp-content\/uploads\/2025\/04\/DM_20250408163508_004.jpg","contentUrl":"https:\/\/okseamless.com\/wp-content\/uploads\/2025\/04\/DM_20250408163508_004.jpg","width":1600,"height":1600},{"@type":"BreadcrumbList","@id":"https:\/\/www.okseamless.com\/product\/seamless-lace-shapewear-tank-with-padded-bra\/#breadcrumb","itemListElement":[{"@type":"ListItem","position":1,"name":"\u9996\u9875","item":"https:\/\/okseamless.com\/"},{"@type":"ListItem","position":2,"name":"Produtos","item":"https:\/\/www.okseamless.com\/pt\/shop\/"},{"@type":"ListItem","position":3,"name":"Seamless Lace Shapewear Tank With Padded Bra"}]},{"@type":"WebSite","@id":"https:\/\/www.okseamless.com\/pt\/#website","url":"https:\/\/www.okseamless.com\/pt\/","name":"Custom Seamless Shapewear and Yoga Wear Manufacturer in China","description":"","publisher":{"@id":"https:\/\/www.okseamless.com\/pt\/#organization"},"potentialAction":[{"@type":"SearchAction","target":{"@type":"EntryPoint","urlTemplate":"https:\/\/www.okseamless.com\/pt\/?s={search_term_string}"},"query-input":{"@type":"PropertyValueSpecification","valueRequired":true,"valueName":"search_term_string"}}],"inLanguage":"de"},{"@type":"Organization","@id":"https:\/\/www.okseamless.com\/pt\/#organization","name":"Custom Seamless Shapewear and Yoga Wear Manufacturer in China","url":"https:\/\/www.okseamless.com\/pt\/","logo":{"@type":"ImageObject","inLanguage":"de","@id":"https:\/\/www.okseamless.com\/pt\/#\/schema\/logo\/image\/","url":"https:\/\/okseamless.com\/wp-content\/uploads\/2025\/03\/LOGO.png","contentUrl":"https:\/\/okseamless.com\/wp-content\/uploads\/2025\/03\/LOGO.png","width":685,"height":218,"caption":"Custom Seamless Shapewear and Yoga Wear Manufacturer in China"},"image":{"@id":"https:\/\/www.okseamless.com\/pt\/#\/schema\/logo\/image\/"},"sameAs":["https:\/\/www.facebook.com\/share\/1TH24JnBgY\/?mibextid=wwXIfr"]}]}},"_links":{"self":[{"href":"https:\/\/okseamless.com\/de\/wp-json\/wp\/v2\/product\/2315","targetHints":{"allow":["GET"]}}],"collection":[{"href":"https:\/\/okseamless.com\/de\/wp-json\/wp\/v2\/product"}],"about":[{"href":"https:\/\/okseamless.com\/de\/wp-json\/wp\/v2\/types\/product"}],"wp:featuredmedia":[{"embeddable":true,"href":"https:\/\/okseamless.com\/de\/wp-json\/wp\/v2\/media\/2319"}],"wp:attachment":[{"href":"https:\/\/okseamless.com\/de\/wp-json\/wp\/v2\/media?parent=2315"}],"wp:term":[{"taxonomy":"product_brand","embeddable":true,"href":"https:\/\/okseamless.com\/de\/wp-json\/wp\/v2\/product_brand?post=2315"},{"taxonomy":"product_cat","embeddable":true,"href":"https:\/\/okseamless.com\/de\/wp-json\/wp\/v2\/product_cat?post=2315"},{"taxonomy":"product_tag","embeddable":true,"href":"https:\/\/okseamless.com\/de\/wp-json\/wp\/v2\/product_tag?post=2315"}],"curies":[{"name":"wp","href":"https:\/\/api.w.org\/{rel}","templated":true}]}}