{"id":1913,"date":"2025-04-08T11:54:31","date_gmt":"2025-04-08T11:54:31","guid":{"rendered":"https:\/\/okseamless.com\/?post_type=product&#038;p=1913"},"modified":"2025-04-14T02:00:25","modified_gmt":"2025-04-14T02:00:25","slug":"mens-vest-body-shaping-top-with-zipper-waist-and-abdomen-slimming-sports-fitness-sweat-inducing-body-shaping-top","status":"publish","type":"product","link":"https:\/\/okseamless.com\/de\/produkt\/mens-vest-body-shaping-top-with-zipper-waist-and-abdomen-slimming-sports-fitness-sweat-inducing-body-shaping-top\/","title":{"rendered":"Herrenweste Body Shaping Top mit Rei\u00dfverschluss Taille und Bauch abnehmen Sport Fitness schwei\u00dftreibende Body Shaping Top"},"content":{"rendered":"","protected":false},"excerpt":{"rendered":"<p>Modell-Nr.: CY047<\/p>\n<h5><strong><b>Beschreibung: <\/b><\/strong><\/h5>\n<ul>\n<li>Die Kreuzgurte auf dem R\u00fccken, helfen die Haltung zu verbessern sorgen f\u00fcr eine bessere Haltung<\/li>\n<li>Zwei robust gebaute Stahlknochen st\u00fctzen den R\u00fccken und reduzieren Erm\u00fcdungserscheinungen, rollen sich beim Hinsetzen nicht auf<\/li>\n<li>Das Pullover-Kompressionsshirt, das viel schwieriger an- und auszuziehen ist, vor allem, wenn man eine kleinere Gr\u00f6\u00dfe w\u00e4hlt, um eine engere Passform zu erhalten<\/li>\n<\/ul>\n<h5><strong><b>Merkmal: <\/b><\/strong><\/h5>\n<ul>\n<li><b><\/b>Rei\u00dfverschluss-Band<strong><b>,<\/b><\/strong>Kratzer verhindern<\/li>\n<li><b><\/b>Geringes Gewicht, glattes und k\u00fchles Gef\u00fchl<\/li>\n<li><b><\/b>Starke Stiche, langlebiger<\/li>\n<li><b><\/b>Brustformung<\/li>\n<li>Doppellagiges Design, flache Bauchpartie<\/li>\n<li><b><\/b>360 Nahtlos-stricken<strong><b>,<\/b><\/strong>verst\u00e4rkt den Kompressionseffekt<\/li>\n<li><b><\/b>Kein S\u00e4umen<\/li>\n<\/ul>\n<p><strong><b>Zutaten:<\/b><\/strong>\u00a0Nylon 95% (einschlie\u00dflich) -100% (ausschlie\u00dflich)<\/p>","protected":false},"featured_media":1917,"template":"","meta":[],"product_brand":[],"product_cat":[44],"product_tag":[],"class_list":{"0":"post-1913","1":"product","2":"type-product","3":"status-publish","4":"has-post-thumbnail","6":"product_cat-mens-active-tops","8":"first","9":"instock","10":"shipping-taxable","11":"product-type-simple"},"yoast_head":"<!-- This site is optimized with the Yoast SEO plugin v27.4 - https:\/\/yoast.com\/product\/yoast-seo-wordpress\/ -->\n<title>Men&#039;s vest body shaping top with zipper waist and abdomen slimming sports fitness sweat-inducing body shaping top - Custom Seamless Shapewear and Yoga Wear Manufacturer in China<\/title>\n<meta name=\"robots\" content=\"index, follow, max-snippet:-1, max-image-preview:large, max-video-preview:-1\" \/>\n<link rel=\"canonical\" href=\"https:\/\/okseamless.com\/de\/producto\/mens-vest-body-shaping-top-with-zipper-waist-and-abdomen-slimming-sports-fitness-sweat-inducing-body-shaping-top\/\" \/>\n<meta property=\"og:locale\" content=\"de_DE\" \/>\n<meta property=\"og:type\" content=\"article\" \/>\n<meta property=\"og:title\" content=\"Men&#039;s vest body shaping top with zipper waist and abdomen slimming sports fitness sweat-inducing body shaping top - Custom Seamless Shapewear and Yoga Wear Manufacturer in China\" \/>\n<meta property=\"og:description\" content=\"Model NO: CY047 Description:    The cross straps on theback, help improve posture\u00a0ensure for better posture  Two sturdy built steelbone for back support and\u00a0reduce fatigue, do not roll\u00a0up when sit down  The pullover compressionshirt that would be much\u00a0more difficult to get on\/off\u00a0especially when sizing down\u00a0for a snugger fit  Feature:    Zipper Tape,prevent scratches  Light Weight,Smooth &amp; Cool feel  Strong Stitches,more durable  Chest Shaping  Double-Layer Design,flat your abdomen  360 Seamless-knitting,enhances the compression effect  No hemming  Ingredients:\u00a0Nylon 95% (inclusive) -100% (exclusive)\" \/>\n<meta property=\"og:url\" content=\"https:\/\/okseamless.com\/de\/producto\/mens-vest-body-shaping-top-with-zipper-waist-and-abdomen-slimming-sports-fitness-sweat-inducing-body-shaping-top\/\" \/>\n<meta property=\"og:site_name\" content=\"Custom Seamless Shapewear and Yoga Wear Manufacturer in China\" \/>\n<meta property=\"article:publisher\" content=\"https:\/\/www.facebook.com\/share\/1TH24JnBgY\/?mibextid=wwXIfr\" \/>\n<meta property=\"article:modified_time\" content=\"2025-04-14T02:00:25+00:00\" \/>\n<meta property=\"og:image\" content=\"https:\/\/okseamless.com\/wp-content\/uploads\/2025\/04\/O1CN01F9uDB828oRBolhXKz_2218375007979-0-cib.jpg_.jpg\" \/>\n\t<meta property=\"og:image:width\" content=\"1111\" \/>\n\t<meta property=\"og:image:height\" content=\"1500\" \/>\n\t<meta property=\"og:image:type\" content=\"image\/jpeg\" \/>\n<meta name=\"twitter:card\" content=\"summary_large_image\" \/>\n<meta name=\"twitter:label1\" content=\"Gesch\u00e4tzte Lesezeit\" \/>\n\t<meta name=\"twitter:data1\" content=\"1\u00a0Minute\" \/>\n<script type=\"application\/ld+json\" class=\"yoast-schema-graph\">{\"@context\":\"https:\\\/\\\/schema.org\",\"@graph\":[{\"@type\":\"WebPage\",\"@id\":\"https:\\\/\\\/okseamless.com\\\/es\\\/producto\\\/mens-vest-body-shaping-top-with-zipper-waist-and-abdomen-slimming-sports-fitness-sweat-inducing-body-shaping-top\\\/\",\"url\":\"https:\\\/\\\/okseamless.com\\\/es\\\/producto\\\/mens-vest-body-shaping-top-with-zipper-waist-and-abdomen-slimming-sports-fitness-sweat-inducing-body-shaping-top\\\/\",\"name\":\"Men's vest body shaping top with zipper waist and abdomen slimming sports fitness sweat-inducing body shaping top - Custom Seamless Shapewear and Yoga Wear Manufacturer in China\",\"isPartOf\":{\"@id\":\"https:\\\/\\\/www.okseamless.com\\\/pt\\\/#website\"},\"primaryImageOfPage\":{\"@id\":\"https:\\\/\\\/okseamless.com\\\/es\\\/producto\\\/mens-vest-body-shaping-top-with-zipper-waist-and-abdomen-slimming-sports-fitness-sweat-inducing-body-shaping-top\\\/#primaryimage\"},\"image\":{\"@id\":\"https:\\\/\\\/okseamless.com\\\/es\\\/producto\\\/mens-vest-body-shaping-top-with-zipper-waist-and-abdomen-slimming-sports-fitness-sweat-inducing-body-shaping-top\\\/#primaryimage\"},\"thumbnailUrl\":\"https:\\\/\\\/okseamless.com\\\/wp-content\\\/uploads\\\/2025\\\/04\\\/O1CN01F9uDB828oRBolhXKz_2218375007979-0-cib.jpg_.jpg\",\"datePublished\":\"2025-04-08T11:54:31+00:00\",\"dateModified\":\"2025-04-14T02:00:25+00:00\",\"breadcrumb\":{\"@id\":\"https:\\\/\\\/okseamless.com\\\/es\\\/producto\\\/mens-vest-body-shaping-top-with-zipper-waist-and-abdomen-slimming-sports-fitness-sweat-inducing-body-shaping-top\\\/#breadcrumb\"},\"inLanguage\":\"de\",\"potentialAction\":[{\"@type\":\"ReadAction\",\"target\":[\"https:\\\/\\\/okseamless.com\\\/es\\\/producto\\\/mens-vest-body-shaping-top-with-zipper-waist-and-abdomen-slimming-sports-fitness-sweat-inducing-body-shaping-top\\\/\"]}]},{\"@type\":\"ImageObject\",\"inLanguage\":\"de\",\"@id\":\"https:\\\/\\\/okseamless.com\\\/es\\\/producto\\\/mens-vest-body-shaping-top-with-zipper-waist-and-abdomen-slimming-sports-fitness-sweat-inducing-body-shaping-top\\\/#primaryimage\",\"url\":\"https:\\\/\\\/okseamless.com\\\/wp-content\\\/uploads\\\/2025\\\/04\\\/O1CN01F9uDB828oRBolhXKz_2218375007979-0-cib.jpg_.jpg\",\"contentUrl\":\"https:\\\/\\\/okseamless.com\\\/wp-content\\\/uploads\\\/2025\\\/04\\\/O1CN01F9uDB828oRBolhXKz_2218375007979-0-cib.jpg_.jpg\",\"width\":1111,\"height\":1500},{\"@type\":\"BreadcrumbList\",\"@id\":\"https:\\\/\\\/okseamless.com\\\/es\\\/producto\\\/mens-vest-body-shaping-top-with-zipper-waist-and-abdomen-slimming-sports-fitness-sweat-inducing-body-shaping-top\\\/#breadcrumb\",\"itemListElement\":[{\"@type\":\"ListItem\",\"position\":1,\"name\":\"\u9996\u9875\",\"item\":\"https:\\\/\\\/okseamless.com\\\/\"},{\"@type\":\"ListItem\",\"position\":2,\"name\":\"Produtos\",\"item\":\"https:\\\/\\\/www.okseamless.com\\\/pt\\\/shop\\\/\"},{\"@type\":\"ListItem\",\"position\":3,\"name\":\"Men&#8217;s vest body shaping top with zipper waist and abdomen slimming sports fitness sweat-inducing body shaping top\"}]},{\"@type\":\"WebSite\",\"@id\":\"https:\\\/\\\/www.okseamless.com\\\/pt\\\/#website\",\"url\":\"https:\\\/\\\/www.okseamless.com\\\/pt\\\/\",\"name\":\"Custom Seamless Shapewear and Yoga Wear Manufacturer in China\",\"description\":\"\",\"publisher\":{\"@id\":\"https:\\\/\\\/www.okseamless.com\\\/pt\\\/#organization\"},\"potentialAction\":[{\"@type\":\"SearchAction\",\"target\":{\"@type\":\"EntryPoint\",\"urlTemplate\":\"https:\\\/\\\/www.okseamless.com\\\/pt\\\/?s={search_term_string}\"},\"query-input\":{\"@type\":\"PropertyValueSpecification\",\"valueRequired\":true,\"valueName\":\"search_term_string\"}}],\"inLanguage\":\"de\"},{\"@type\":\"Organization\",\"@id\":\"https:\\\/\\\/www.okseamless.com\\\/pt\\\/#organization\",\"name\":\"Custom Seamless Shapewear and Yoga Wear Manufacturer in China\",\"url\":\"https:\\\/\\\/www.okseamless.com\\\/pt\\\/\",\"logo\":{\"@type\":\"ImageObject\",\"inLanguage\":\"de\",\"@id\":\"https:\\\/\\\/www.okseamless.com\\\/pt\\\/#\\\/schema\\\/logo\\\/image\\\/\",\"url\":\"https:\\\/\\\/okseamless.com\\\/wp-content\\\/uploads\\\/2025\\\/03\\\/LOGO.png\",\"contentUrl\":\"https:\\\/\\\/okseamless.com\\\/wp-content\\\/uploads\\\/2025\\\/03\\\/LOGO.png\",\"width\":685,\"height\":218,\"caption\":\"Custom Seamless Shapewear and Yoga Wear Manufacturer in China\"},\"image\":{\"@id\":\"https:\\\/\\\/www.okseamless.com\\\/pt\\\/#\\\/schema\\\/logo\\\/image\\\/\"},\"sameAs\":[\"https:\\\/\\\/www.facebook.com\\\/share\\\/1TH24JnBgY\\\/?mibextid=wwXIfr\"]}]}<\/script>\n<!-- \/ Yoast SEO plugin. -->","yoast_head_json":{"title":"Men's vest body shaping top with zipper waist and abdomen slimming sports fitness sweat-inducing body shaping top - Custom Seamless Shapewear and Yoga Wear Manufacturer in China","robots":{"index":"index","follow":"follow","max-snippet":"max-snippet:-1","max-image-preview":"max-image-preview:large","max-video-preview":"max-video-preview:-1"},"canonical":"https:\/\/okseamless.com\/de\/producto\/mens-vest-body-shaping-top-with-zipper-waist-and-abdomen-slimming-sports-fitness-sweat-inducing-body-shaping-top\/","og_locale":"de_DE","og_type":"article","og_title":"Men's vest body shaping top with zipper waist and abdomen slimming sports fitness sweat-inducing body shaping top - Custom Seamless Shapewear and Yoga Wear Manufacturer in China","og_description":"Model NO: CY047 Description:    The cross straps on theback, help improve posture\u00a0ensure for better posture  Two sturdy built steelbone for back support and\u00a0reduce fatigue, do not roll\u00a0up when sit down  The pullover compressionshirt that would be much\u00a0more difficult to get on\/off\u00a0especially when sizing down\u00a0for a snugger fit  Feature:    Zipper Tape,prevent scratches  Light Weight,Smooth &amp; Cool feel  Strong Stitches,more durable  Chest Shaping  Double-Layer Design,flat your abdomen  360 Seamless-knitting,enhances the compression effect  No hemming  Ingredients:\u00a0Nylon 95% (inclusive) -100% (exclusive)","og_url":"https:\/\/okseamless.com\/de\/producto\/mens-vest-body-shaping-top-with-zipper-waist-and-abdomen-slimming-sports-fitness-sweat-inducing-body-shaping-top\/","og_site_name":"Custom Seamless Shapewear and Yoga Wear Manufacturer in China","article_publisher":"https:\/\/www.facebook.com\/share\/1TH24JnBgY\/?mibextid=wwXIfr","article_modified_time":"2025-04-14T02:00:25+00:00","og_image":[{"width":1111,"height":1500,"url":"https:\/\/okseamless.com\/wp-content\/uploads\/2025\/04\/O1CN01F9uDB828oRBolhXKz_2218375007979-0-cib.jpg_.jpg","type":"image\/jpeg"}],"twitter_card":"summary_large_image","twitter_misc":{"Gesch\u00e4tzte Lesezeit":"1\u00a0Minute"},"schema":{"@context":"https:\/\/schema.org","@graph":[{"@type":"WebPage","@id":"https:\/\/okseamless.com\/es\/producto\/mens-vest-body-shaping-top-with-zipper-waist-and-abdomen-slimming-sports-fitness-sweat-inducing-body-shaping-top\/","url":"https:\/\/okseamless.com\/es\/producto\/mens-vest-body-shaping-top-with-zipper-waist-and-abdomen-slimming-sports-fitness-sweat-inducing-body-shaping-top\/","name":"Men's vest body shaping top with zipper waist and abdomen slimming sports fitness sweat-inducing body shaping top - Custom Seamless Shapewear and Yoga Wear Manufacturer in China","isPartOf":{"@id":"https:\/\/www.okseamless.com\/pt\/#website"},"primaryImageOfPage":{"@id":"https:\/\/okseamless.com\/es\/producto\/mens-vest-body-shaping-top-with-zipper-waist-and-abdomen-slimming-sports-fitness-sweat-inducing-body-shaping-top\/#primaryimage"},"image":{"@id":"https:\/\/okseamless.com\/es\/producto\/mens-vest-body-shaping-top-with-zipper-waist-and-abdomen-slimming-sports-fitness-sweat-inducing-body-shaping-top\/#primaryimage"},"thumbnailUrl":"https:\/\/okseamless.com\/wp-content\/uploads\/2025\/04\/O1CN01F9uDB828oRBolhXKz_2218375007979-0-cib.jpg_.jpg","datePublished":"2025-04-08T11:54:31+00:00","dateModified":"2025-04-14T02:00:25+00:00","breadcrumb":{"@id":"https:\/\/okseamless.com\/es\/producto\/mens-vest-body-shaping-top-with-zipper-waist-and-abdomen-slimming-sports-fitness-sweat-inducing-body-shaping-top\/#breadcrumb"},"inLanguage":"de","potentialAction":[{"@type":"ReadAction","target":["https:\/\/okseamless.com\/es\/producto\/mens-vest-body-shaping-top-with-zipper-waist-and-abdomen-slimming-sports-fitness-sweat-inducing-body-shaping-top\/"]}]},{"@type":"ImageObject","inLanguage":"de","@id":"https:\/\/okseamless.com\/es\/producto\/mens-vest-body-shaping-top-with-zipper-waist-and-abdomen-slimming-sports-fitness-sweat-inducing-body-shaping-top\/#primaryimage","url":"https:\/\/okseamless.com\/wp-content\/uploads\/2025\/04\/O1CN01F9uDB828oRBolhXKz_2218375007979-0-cib.jpg_.jpg","contentUrl":"https:\/\/okseamless.com\/wp-content\/uploads\/2025\/04\/O1CN01F9uDB828oRBolhXKz_2218375007979-0-cib.jpg_.jpg","width":1111,"height":1500},{"@type":"BreadcrumbList","@id":"https:\/\/okseamless.com\/es\/producto\/mens-vest-body-shaping-top-with-zipper-waist-and-abdomen-slimming-sports-fitness-sweat-inducing-body-shaping-top\/#breadcrumb","itemListElement":[{"@type":"ListItem","position":1,"name":"\u9996\u9875","item":"https:\/\/okseamless.com\/"},{"@type":"ListItem","position":2,"name":"Produtos","item":"https:\/\/www.okseamless.com\/pt\/shop\/"},{"@type":"ListItem","position":3,"name":"Men&#8217;s vest body shaping top with zipper waist and abdomen slimming sports fitness sweat-inducing body shaping top"}]},{"@type":"WebSite","@id":"https:\/\/www.okseamless.com\/pt\/#website","url":"https:\/\/www.okseamless.com\/pt\/","name":"Custom Seamless Shapewear and Yoga Wear Manufacturer in China","description":"","publisher":{"@id":"https:\/\/www.okseamless.com\/pt\/#organization"},"potentialAction":[{"@type":"SearchAction","target":{"@type":"EntryPoint","urlTemplate":"https:\/\/www.okseamless.com\/pt\/?s={search_term_string}"},"query-input":{"@type":"PropertyValueSpecification","valueRequired":true,"valueName":"search_term_string"}}],"inLanguage":"de"},{"@type":"Organization","@id":"https:\/\/www.okseamless.com\/pt\/#organization","name":"Custom Seamless Shapewear and Yoga Wear Manufacturer in China","url":"https:\/\/www.okseamless.com\/pt\/","logo":{"@type":"ImageObject","inLanguage":"de","@id":"https:\/\/www.okseamless.com\/pt\/#\/schema\/logo\/image\/","url":"https:\/\/okseamless.com\/wp-content\/uploads\/2025\/03\/LOGO.png","contentUrl":"https:\/\/okseamless.com\/wp-content\/uploads\/2025\/03\/LOGO.png","width":685,"height":218,"caption":"Custom Seamless Shapewear and Yoga Wear Manufacturer in China"},"image":{"@id":"https:\/\/www.okseamless.com\/pt\/#\/schema\/logo\/image\/"},"sameAs":["https:\/\/www.facebook.com\/share\/1TH24JnBgY\/?mibextid=wwXIfr"]}]}},"_links":{"self":[{"href":"https:\/\/okseamless.com\/de\/wp-json\/wp\/v2\/product\/1913","targetHints":{"allow":["GET"]}}],"collection":[{"href":"https:\/\/okseamless.com\/de\/wp-json\/wp\/v2\/product"}],"about":[{"href":"https:\/\/okseamless.com\/de\/wp-json\/wp\/v2\/types\/product"}],"wp:featuredmedia":[{"embeddable":true,"href":"https:\/\/okseamless.com\/de\/wp-json\/wp\/v2\/media\/1917"}],"wp:attachment":[{"href":"https:\/\/okseamless.com\/de\/wp-json\/wp\/v2\/media?parent=1913"}],"wp:term":[{"taxonomy":"product_brand","embeddable":true,"href":"https:\/\/okseamless.com\/de\/wp-json\/wp\/v2\/product_brand?post=1913"},{"taxonomy":"product_cat","embeddable":true,"href":"https:\/\/okseamless.com\/de\/wp-json\/wp\/v2\/product_cat?post=1913"},{"taxonomy":"product_tag","embeddable":true,"href":"https:\/\/okseamless.com\/de\/wp-json\/wp\/v2\/product_tag?post=1913"}],"curies":[{"name":"wp","href":"https:\/\/api.w.org\/{rel}","templated":true}]}}