{"id":1791,"date":"2025-04-08T02:10:49","date_gmt":"2025-04-08T02:10:49","guid":{"rendered":"https:\/\/okseamless.com\/?post_type=product&#038;p=1791"},"modified":"2025-04-14T01:15:12","modified_gmt":"2025-04-14T01:15:12","slug":"mens-body-shaping-bodysuit-vest-with-button-down-crotch-less-waist-and-tummy-tightening-body-shaping-bodysuit","status":"publish","type":"product","link":"https:\/\/okseamless.com\/de\/produkt\/mens-body-shaping-bodysuit-vest-with-button-down-crotch-less-waist-and-tummy-tightening-body-shaping-bodysuit\/","title":{"rendered":"Bodyforming-Weste f\u00fcr M\u00e4nner mit Button-Down-Schritt ohne Taille und bauchstraffendem Bodyforming-Bodysuit"},"content":{"rendered":"","protected":false},"excerpt":{"rendered":"<p>Modell-Nr.: CY036<\/p>\n<p>Unsere Kompressions-Shapewear f\u00fcr M\u00e4nner mit speziellem Design zur Abflachung von Bauch und Taille, zur Verbesserung der K\u00f6rperhaltung, zur Verschlankung der Oberschenkel, zur Anhebung des Ges\u00e4\u00dfes, l\u00e4sst Sie sofort attraktiver aussehen. M\u00e4nner Shapewear mit breiten Schultergurten &amp; 3 Reihen von Schnallen Verschluss passt wie ein Handschuh, k\u00f6nnen Sie Dichtigkeit Ebenen anpassen, wie Sie wollen.<\/p>\n<h6><strong><b>3-reihiger Haken-\u00d6sen-Verschluss<\/b><\/strong><\/h6>\n<p>Dieses Kompressionsshirt l\u00e4sst sich an viele K\u00f6rpertypen anpassen und so nutzen, dass es sich optimal an Ihren K\u00f6rper anpasst.<\/p>\n<h6><strong><b>Einfach zu benutzen<\/b><\/strong><\/h6>\n<p>Tummy control full body shaper f\u00fcr M\u00e4nner hat eine \u00d6ffnung Raum bequem f\u00fcr die Nutzung Bad.<\/p>\n<h6><strong><b>An Ort und Stelle bleiben<\/b><\/strong><\/h6>\n<p>Unser Herren-Body schneidet nicht in die Haut ein und der tiefe U-Ausschnitt passt perfekt unter die Kleidung.<\/p>\n<p><strong><b>SPEZIELLES STRICKHANDWERK F\u00dcR SCHLANKES AUSSEHEN<\/b><\/strong><\/p>\n<ul>\n<li>Schlanke Taille und versteckte M\u00e4nnerbr\u00fcste<\/li>\n<li>Magen halten &amp; Bauch abflachen<\/li>\n<li>W\u00fclste gl\u00e4tten &amp; Haltung verbessern<\/li>\n<li>Ges\u00e4\u00df formen &amp; Oberschenkel schlank machen<\/li>\n<\/ul>\n<p><strong><b>Zutaten:<\/b><\/strong>\u00a0Nylon 30% oder weniger<\/p>","protected":false},"featured_media":1798,"template":"","meta":[],"product_brand":[],"product_cat":[43],"product_tag":[],"class_list":{"0":"post-1791","1":"product","2":"type-product","3":"status-publish","4":"has-post-thumbnail","6":"product_cat-mens-bodysuits","8":"first","9":"instock","10":"shipping-taxable","11":"product-type-simple"},"yoast_head":"<!-- This site is optimized with the Yoast SEO plugin v27.4 - https:\/\/yoast.com\/product\/yoast-seo-wordpress\/ -->\n<title>Men&#039;s body shaping bodysuit vest with button-down crotch-less waist and tummy-tightening body shaping bodysuit - Custom Seamless Shapewear and Yoga Wear Manufacturer in China<\/title>\n<meta name=\"robots\" content=\"index, follow, max-snippet:-1, max-image-preview:large, max-video-preview:-1\" \/>\n<link rel=\"canonical\" href=\"https:\/\/okseamless.com\/de\/produkt\/mens-body-shaping-bodysuit-vest-with-button-down-crotch-less-waist-and-tummy-tightening-body-shaping-bodysuit\/\" \/>\n<meta property=\"og:locale\" content=\"de_DE\" \/>\n<meta property=\"og:type\" content=\"article\" \/>\n<meta property=\"og:title\" content=\"Men&#039;s body shaping bodysuit vest with button-down crotch-less waist and tummy-tightening body shaping bodysuit - Custom Seamless Shapewear and Yoga Wear Manufacturer in China\" \/>\n<meta property=\"og:description\" content=\"Model NO: CY036  Our compression shapewear for men with special design to flatten abdomen &amp; waist, improve posture, slim thighs, lifts buttock, make you look more attractive instantly. Men shapewear with wide shoulder straps &amp; 3 rows of buckles closure fits like a glove, you can adjust tightness levels as you want. 3-Row Hook &amp; Eye Closure This compression shirt allows many body types to adjust and use to fit your body to the most extent. Easy To Use Tummy control full body shaper for men has an opening space convenient for using bathroom. Stay In Place Our men bodysuit won&#039;t dig into your skin and deep U-neck hiide perfectly under clothes.  SPECIAL KNITTING CRAFTFOR SLIMMING APPEARANCE   Slim Waist &amp; Hide Man-Boobs  Hold Stomach in &amp; Flatten Belly  Smooth Bulges &amp; lmprove Posture  Shape Buttock &amp; slim Thighs  Ingredients:\u00a0Nylon 30% or less\" \/>\n<meta property=\"og:url\" content=\"https:\/\/okseamless.com\/de\/produkt\/mens-body-shaping-bodysuit-vest-with-button-down-crotch-less-waist-and-tummy-tightening-body-shaping-bodysuit\/\" \/>\n<meta property=\"og:site_name\" content=\"Custom Seamless Shapewear and Yoga Wear Manufacturer in China\" \/>\n<meta property=\"article:publisher\" content=\"https:\/\/www.facebook.com\/share\/1TH24JnBgY\/?mibextid=wwXIfr\" \/>\n<meta property=\"article:modified_time\" content=\"2025-04-14T01:15:12+00:00\" \/>\n<meta property=\"og:image\" content=\"https:\/\/okseamless.com\/wp-content\/uploads\/2025\/04\/O1CN01aujOBL28oREQcNfE5_2218375007979-0-cib.jpg_.jpg\" \/>\n\t<meta property=\"og:image:width\" content=\"924\" \/>\n\t<meta property=\"og:image:height\" content=\"924\" \/>\n\t<meta property=\"og:image:type\" content=\"image\/jpeg\" \/>\n<meta name=\"twitter:card\" content=\"summary_large_image\" \/>\n<meta name=\"twitter:label1\" content=\"Gesch\u00e4tzte Lesezeit\" \/>\n\t<meta name=\"twitter:data1\" content=\"1\u00a0Minute\" \/>\n<script type=\"application\/ld+json\" class=\"yoast-schema-graph\">{\"@context\":\"https:\\\/\\\/schema.org\",\"@graph\":[{\"@type\":\"WebPage\",\"@id\":\"https:\\\/\\\/okseamless.com\\\/product\\\/mens-body-shaping-bodysuit-vest-with-button-down-crotch-less-waist-and-tummy-tightening-body-shaping-bodysuit\\\/\",\"url\":\"https:\\\/\\\/okseamless.com\\\/product\\\/mens-body-shaping-bodysuit-vest-with-button-down-crotch-less-waist-and-tummy-tightening-body-shaping-bodysuit\\\/\",\"name\":\"Men's body shaping bodysuit vest with button-down crotch-less waist and tummy-tightening body shaping bodysuit - Custom Seamless Shapewear and Yoga Wear Manufacturer in China\",\"isPartOf\":{\"@id\":\"https:\\\/\\\/www.okseamless.com\\\/pt\\\/#website\"},\"primaryImageOfPage\":{\"@id\":\"https:\\\/\\\/okseamless.com\\\/product\\\/mens-body-shaping-bodysuit-vest-with-button-down-crotch-less-waist-and-tummy-tightening-body-shaping-bodysuit\\\/#primaryimage\"},\"image\":{\"@id\":\"https:\\\/\\\/okseamless.com\\\/product\\\/mens-body-shaping-bodysuit-vest-with-button-down-crotch-less-waist-and-tummy-tightening-body-shaping-bodysuit\\\/#primaryimage\"},\"thumbnailUrl\":\"https:\\\/\\\/okseamless.com\\\/wp-content\\\/uploads\\\/2025\\\/04\\\/O1CN01aujOBL28oREQcNfE5_2218375007979-0-cib.jpg_.jpg\",\"datePublished\":\"2025-04-08T02:10:49+00:00\",\"dateModified\":\"2025-04-14T01:15:12+00:00\",\"breadcrumb\":{\"@id\":\"https:\\\/\\\/okseamless.com\\\/product\\\/mens-body-shaping-bodysuit-vest-with-button-down-crotch-less-waist-and-tummy-tightening-body-shaping-bodysuit\\\/#breadcrumb\"},\"inLanguage\":\"de\",\"potentialAction\":[{\"@type\":\"ReadAction\",\"target\":[\"https:\\\/\\\/okseamless.com\\\/product\\\/mens-body-shaping-bodysuit-vest-with-button-down-crotch-less-waist-and-tummy-tightening-body-shaping-bodysuit\\\/\"]}]},{\"@type\":\"ImageObject\",\"inLanguage\":\"de\",\"@id\":\"https:\\\/\\\/okseamless.com\\\/product\\\/mens-body-shaping-bodysuit-vest-with-button-down-crotch-less-waist-and-tummy-tightening-body-shaping-bodysuit\\\/#primaryimage\",\"url\":\"https:\\\/\\\/okseamless.com\\\/wp-content\\\/uploads\\\/2025\\\/04\\\/O1CN01aujOBL28oREQcNfE5_2218375007979-0-cib.jpg_.jpg\",\"contentUrl\":\"https:\\\/\\\/okseamless.com\\\/wp-content\\\/uploads\\\/2025\\\/04\\\/O1CN01aujOBL28oREQcNfE5_2218375007979-0-cib.jpg_.jpg\",\"width\":924,\"height\":924},{\"@type\":\"BreadcrumbList\",\"@id\":\"https:\\\/\\\/okseamless.com\\\/product\\\/mens-body-shaping-bodysuit-vest-with-button-down-crotch-less-waist-and-tummy-tightening-body-shaping-bodysuit\\\/#breadcrumb\",\"itemListElement\":[{\"@type\":\"ListItem\",\"position\":1,\"name\":\"\u9996\u9875\",\"item\":\"https:\\\/\\\/okseamless.com\\\/\"},{\"@type\":\"ListItem\",\"position\":2,\"name\":\"Produtos\",\"item\":\"https:\\\/\\\/www.okseamless.com\\\/pt\\\/shop\\\/\"},{\"@type\":\"ListItem\",\"position\":3,\"name\":\"Men&#8217;s body shaping bodysuit vest with button-down crotch-less waist and tummy-tightening body shaping bodysuit\"}]},{\"@type\":\"WebSite\",\"@id\":\"https:\\\/\\\/www.okseamless.com\\\/pt\\\/#website\",\"url\":\"https:\\\/\\\/www.okseamless.com\\\/pt\\\/\",\"name\":\"Custom Seamless Shapewear and Yoga Wear Manufacturer in China\",\"description\":\"\",\"publisher\":{\"@id\":\"https:\\\/\\\/www.okseamless.com\\\/pt\\\/#organization\"},\"potentialAction\":[{\"@type\":\"SearchAction\",\"target\":{\"@type\":\"EntryPoint\",\"urlTemplate\":\"https:\\\/\\\/www.okseamless.com\\\/pt\\\/?s={search_term_string}\"},\"query-input\":{\"@type\":\"PropertyValueSpecification\",\"valueRequired\":true,\"valueName\":\"search_term_string\"}}],\"inLanguage\":\"de\"},{\"@type\":\"Organization\",\"@id\":\"https:\\\/\\\/www.okseamless.com\\\/pt\\\/#organization\",\"name\":\"Custom Seamless Shapewear and Yoga Wear Manufacturer in China\",\"url\":\"https:\\\/\\\/www.okseamless.com\\\/pt\\\/\",\"logo\":{\"@type\":\"ImageObject\",\"inLanguage\":\"de\",\"@id\":\"https:\\\/\\\/www.okseamless.com\\\/pt\\\/#\\\/schema\\\/logo\\\/image\\\/\",\"url\":\"https:\\\/\\\/okseamless.com\\\/wp-content\\\/uploads\\\/2025\\\/03\\\/LOGO.png\",\"contentUrl\":\"https:\\\/\\\/okseamless.com\\\/wp-content\\\/uploads\\\/2025\\\/03\\\/LOGO.png\",\"width\":685,\"height\":218,\"caption\":\"Custom Seamless Shapewear and Yoga Wear Manufacturer in China\"},\"image\":{\"@id\":\"https:\\\/\\\/www.okseamless.com\\\/pt\\\/#\\\/schema\\\/logo\\\/image\\\/\"},\"sameAs\":[\"https:\\\/\\\/www.facebook.com\\\/share\\\/1TH24JnBgY\\\/?mibextid=wwXIfr\"]}]}<\/script>\n<!-- \/ Yoast SEO plugin. -->","yoast_head_json":{"title":"Men's body shaping bodysuit vest with button-down crotch-less waist and tummy-tightening body shaping bodysuit - Custom Seamless Shapewear and Yoga Wear Manufacturer in China","robots":{"index":"index","follow":"follow","max-snippet":"max-snippet:-1","max-image-preview":"max-image-preview:large","max-video-preview":"max-video-preview:-1"},"canonical":"https:\/\/okseamless.com\/de\/produkt\/mens-body-shaping-bodysuit-vest-with-button-down-crotch-less-waist-and-tummy-tightening-body-shaping-bodysuit\/","og_locale":"de_DE","og_type":"article","og_title":"Men's body shaping bodysuit vest with button-down crotch-less waist and tummy-tightening body shaping bodysuit - Custom Seamless Shapewear and Yoga Wear Manufacturer in China","og_description":"Model NO: CY036  Our compression shapewear for men with special design to flatten abdomen &amp; waist, improve posture, slim thighs, lifts buttock, make you look more attractive instantly. Men shapewear with wide shoulder straps &amp; 3 rows of buckles closure fits like a glove, you can adjust tightness levels as you want. 3-Row Hook &amp; Eye Closure This compression shirt allows many body types to adjust and use to fit your body to the most extent. Easy To Use Tummy control full body shaper for men has an opening space convenient for using bathroom. Stay In Place Our men bodysuit won't dig into your skin and deep U-neck hiide perfectly under clothes.  SPECIAL KNITTING CRAFTFOR SLIMMING APPEARANCE   Slim Waist &amp; Hide Man-Boobs  Hold Stomach in &amp; Flatten Belly  Smooth Bulges &amp; lmprove Posture  Shape Buttock &amp; slim Thighs  Ingredients:\u00a0Nylon 30% or less","og_url":"https:\/\/okseamless.com\/de\/produkt\/mens-body-shaping-bodysuit-vest-with-button-down-crotch-less-waist-and-tummy-tightening-body-shaping-bodysuit\/","og_site_name":"Custom Seamless Shapewear and Yoga Wear Manufacturer in China","article_publisher":"https:\/\/www.facebook.com\/share\/1TH24JnBgY\/?mibextid=wwXIfr","article_modified_time":"2025-04-14T01:15:12+00:00","og_image":[{"width":924,"height":924,"url":"https:\/\/okseamless.com\/wp-content\/uploads\/2025\/04\/O1CN01aujOBL28oREQcNfE5_2218375007979-0-cib.jpg_.jpg","type":"image\/jpeg"}],"twitter_card":"summary_large_image","twitter_misc":{"Gesch\u00e4tzte Lesezeit":"1\u00a0Minute"},"schema":{"@context":"https:\/\/schema.org","@graph":[{"@type":"WebPage","@id":"https:\/\/okseamless.com\/product\/mens-body-shaping-bodysuit-vest-with-button-down-crotch-less-waist-and-tummy-tightening-body-shaping-bodysuit\/","url":"https:\/\/okseamless.com\/product\/mens-body-shaping-bodysuit-vest-with-button-down-crotch-less-waist-and-tummy-tightening-body-shaping-bodysuit\/","name":"Men's body shaping bodysuit vest with button-down crotch-less waist and tummy-tightening body shaping bodysuit - Custom Seamless Shapewear and Yoga Wear Manufacturer in China","isPartOf":{"@id":"https:\/\/www.okseamless.com\/pt\/#website"},"primaryImageOfPage":{"@id":"https:\/\/okseamless.com\/product\/mens-body-shaping-bodysuit-vest-with-button-down-crotch-less-waist-and-tummy-tightening-body-shaping-bodysuit\/#primaryimage"},"image":{"@id":"https:\/\/okseamless.com\/product\/mens-body-shaping-bodysuit-vest-with-button-down-crotch-less-waist-and-tummy-tightening-body-shaping-bodysuit\/#primaryimage"},"thumbnailUrl":"https:\/\/okseamless.com\/wp-content\/uploads\/2025\/04\/O1CN01aujOBL28oREQcNfE5_2218375007979-0-cib.jpg_.jpg","datePublished":"2025-04-08T02:10:49+00:00","dateModified":"2025-04-14T01:15:12+00:00","breadcrumb":{"@id":"https:\/\/okseamless.com\/product\/mens-body-shaping-bodysuit-vest-with-button-down-crotch-less-waist-and-tummy-tightening-body-shaping-bodysuit\/#breadcrumb"},"inLanguage":"de","potentialAction":[{"@type":"ReadAction","target":["https:\/\/okseamless.com\/product\/mens-body-shaping-bodysuit-vest-with-button-down-crotch-less-waist-and-tummy-tightening-body-shaping-bodysuit\/"]}]},{"@type":"ImageObject","inLanguage":"de","@id":"https:\/\/okseamless.com\/product\/mens-body-shaping-bodysuit-vest-with-button-down-crotch-less-waist-and-tummy-tightening-body-shaping-bodysuit\/#primaryimage","url":"https:\/\/okseamless.com\/wp-content\/uploads\/2025\/04\/O1CN01aujOBL28oREQcNfE5_2218375007979-0-cib.jpg_.jpg","contentUrl":"https:\/\/okseamless.com\/wp-content\/uploads\/2025\/04\/O1CN01aujOBL28oREQcNfE5_2218375007979-0-cib.jpg_.jpg","width":924,"height":924},{"@type":"BreadcrumbList","@id":"https:\/\/okseamless.com\/product\/mens-body-shaping-bodysuit-vest-with-button-down-crotch-less-waist-and-tummy-tightening-body-shaping-bodysuit\/#breadcrumb","itemListElement":[{"@type":"ListItem","position":1,"name":"\u9996\u9875","item":"https:\/\/okseamless.com\/"},{"@type":"ListItem","position":2,"name":"Produtos","item":"https:\/\/www.okseamless.com\/pt\/shop\/"},{"@type":"ListItem","position":3,"name":"Men&#8217;s body shaping bodysuit vest with button-down crotch-less waist and tummy-tightening body shaping bodysuit"}]},{"@type":"WebSite","@id":"https:\/\/www.okseamless.com\/pt\/#website","url":"https:\/\/www.okseamless.com\/pt\/","name":"Custom Seamless Shapewear and Yoga Wear Manufacturer in China","description":"","publisher":{"@id":"https:\/\/www.okseamless.com\/pt\/#organization"},"potentialAction":[{"@type":"SearchAction","target":{"@type":"EntryPoint","urlTemplate":"https:\/\/www.okseamless.com\/pt\/?s={search_term_string}"},"query-input":{"@type":"PropertyValueSpecification","valueRequired":true,"valueName":"search_term_string"}}],"inLanguage":"de"},{"@type":"Organization","@id":"https:\/\/www.okseamless.com\/pt\/#organization","name":"Custom Seamless Shapewear and Yoga Wear Manufacturer in China","url":"https:\/\/www.okseamless.com\/pt\/","logo":{"@type":"ImageObject","inLanguage":"de","@id":"https:\/\/www.okseamless.com\/pt\/#\/schema\/logo\/image\/","url":"https:\/\/okseamless.com\/wp-content\/uploads\/2025\/03\/LOGO.png","contentUrl":"https:\/\/okseamless.com\/wp-content\/uploads\/2025\/03\/LOGO.png","width":685,"height":218,"caption":"Custom Seamless Shapewear and Yoga Wear Manufacturer in China"},"image":{"@id":"https:\/\/www.okseamless.com\/pt\/#\/schema\/logo\/image\/"},"sameAs":["https:\/\/www.facebook.com\/share\/1TH24JnBgY\/?mibextid=wwXIfr"]}]}},"_links":{"self":[{"href":"https:\/\/okseamless.com\/de\/wp-json\/wp\/v2\/product\/1791","targetHints":{"allow":["GET"]}}],"collection":[{"href":"https:\/\/okseamless.com\/de\/wp-json\/wp\/v2\/product"}],"about":[{"href":"https:\/\/okseamless.com\/de\/wp-json\/wp\/v2\/types\/product"}],"wp:featuredmedia":[{"embeddable":true,"href":"https:\/\/okseamless.com\/de\/wp-json\/wp\/v2\/media\/1798"}],"wp:attachment":[{"href":"https:\/\/okseamless.com\/de\/wp-json\/wp\/v2\/media?parent=1791"}],"wp:term":[{"taxonomy":"product_brand","embeddable":true,"href":"https:\/\/okseamless.com\/de\/wp-json\/wp\/v2\/product_brand?post=1791"},{"taxonomy":"product_cat","embeddable":true,"href":"https:\/\/okseamless.com\/de\/wp-json\/wp\/v2\/product_cat?post=1791"},{"taxonomy":"product_tag","embeddable":true,"href":"https:\/\/okseamless.com\/de\/wp-json\/wp\/v2\/product_tag?post=1791"}],"curies":[{"name":"wp","href":"https:\/\/api.w.org\/{rel}","templated":true}]}}