{"id":1466,"date":"2025-04-08T02:11:44","date_gmt":"2025-04-08T02:11:44","guid":{"rendered":"https:\/\/okseamless.com\/?post_type=product&#038;p=1466"},"modified":"2025-04-12T06:30:09","modified_gmt":"2025-04-12T06:30:09","slug":"body-shaper-adjustable-support-chest-hunchback-posture-corrector-long-sleeve-shaper-body-shaper","status":"publish","type":"product","link":"https:\/\/okseamless.com\/de\/produkt\/body-shaper-adjustable-support-chest-hunchback-posture-corrector-long-sleeve-shaper-body-shaper\/","title":{"rendered":"Body Shaper Einstellbare Unterst\u00fctzung Brust Rundr\u00fccken Haltung Korrektor Lange \u00c4rmel Shaper Body Shaper"},"content":{"rendered":"","protected":false},"excerpt":{"rendered":"<p>Modell-Nr.:CY025<\/p>\n<p><b><\/b><strong><b>ARMKOMPRESSIONSSPANNER<\/b><\/strong><\/p>\n<p>Lang\u00e4rmelig mit fester Kontrolle<\/p>\n<p>Vollst\u00e4ndig umh\u00fcllen und schlaffe Haut straffen<\/p>\n<p><b><\/b><strong><b>U-F\u00d6RMIGE ST\u00dcTZBRUST<\/b><\/strong><\/p>\n<p>Brust heben und sammeln<\/p>\n<p>Einstellbares Stabilisierungsband<\/p>\n<p><b><\/b><strong><b>KLUMPEN UND BEULEN AUF DEM R\u00dcCKEN GL\u00c4TTEN<\/b><\/strong><\/p>\n<p>Unterst\u00fctzung des R\u00fcckens und Linderung von Schmerzen<\/p>\n<p>K\u00f6rperhaltung verbessern &amp; Rundr\u00fccken stoppen<\/p>\n<p><strong><b>ABNEHMBARES BRUSTSTABILISIERUNGSBANDVERSTELLBARER OBERK\u00d6RPER SHAPEWEAR<\/b><\/strong><\/p>\n<ul>\n<li>Arme straffen &amp; schlank machen<\/li>\n<li>Brustkorbabsenkung verhindern<\/li>\n<li>Reduzieren Sie Zubeh\u00f6r-Brust<\/li>\n<li>Glatter R\u00fccken und korrekte K\u00f6rperhaltung<\/li>\n<\/ul>\n<p><strong><b>DETAILS<\/b><\/strong><\/p>\n<p><b><\/b><strong><b>Reihe Haken &amp; \u00d6se<\/b><\/strong><\/p>\n<p>Einstellbare Straffheit<\/p>\n<p><strong><b>Elastisch und langlebig<\/b><\/strong><\/p>\n<p>Dehnbar &amp; bequem<\/p>\n<p><strong><b>ARMSCHLAFFHEIT STRAFFEN &amp; ARMFETT REDUZIEREN<\/b><\/strong><\/p>\n<ul>\n<li>Lose Haut straffen &amp; Arme sofort schlank machen<\/li>\n<li>Richtiges Ma\u00df an Kompression f\u00fcr die postoperative Erholung<\/li>\n<\/ul>\n<p><strong><b>Zutaten: <\/b><\/strong>Nylon 95% (einschlie\u00dflich) -100% (ausschlie\u00dflich)<\/p>","protected":false},"featured_media":3117,"template":"","meta":[],"product_brand":[],"product_cat":[35],"product_tag":[],"class_list":{"0":"post-1466","1":"product","2":"type-product","3":"status-publish","4":"has-post-thumbnail","6":"product_cat-womens-tops","8":"first","9":"instock","10":"shipping-taxable","11":"product-type-simple"},"yoast_head":"<!-- This site is optimized with the Yoast SEO plugin v27.4 - https:\/\/yoast.com\/product\/yoast-seo-wordpress\/ -->\n<title>Body Shaper Adjustable Support Chest Hunchback Posture Corrector Long Sleeve Shaper Body Shaper - Custom Seamless Shapewear and Yoga Wear Manufacturer in China<\/title>\n<meta name=\"robots\" content=\"index, follow, max-snippet:-1, max-image-preview:large, max-video-preview:-1\" \/>\n<link rel=\"canonical\" href=\"https:\/\/okseamless.com\/de\/produkt\/body-shaper-adjustable-support-chest-hunchback-posture-corrector-long-sleeve-shaper-body-shaper\/\" \/>\n<meta property=\"og:locale\" content=\"de_DE\" \/>\n<meta property=\"og:type\" content=\"article\" \/>\n<meta property=\"og:title\" content=\"Body Shaper Adjustable Support Chest Hunchback Posture Corrector Long Sleeve Shaper Body Shaper - Custom Seamless Shapewear and Yoga Wear Manufacturer in China\" \/>\n<meta property=\"og:description\" content=\"Model NO:CY025  ARM COMPRESSION SHAPER  Long Sleeve With Firm Control  Fully Wrap &amp; Tighten Flabby Skin  U-SHAPE SUPPORT CHEST  Lift &amp; Gather Breast  Adjustable Stabilizer Band  SMOOTH BACK LUMPS &amp; BUMPS  Support Back &amp; Relieve Pain  Improve\u00a0Posture &amp; Stop Hunchback  DETACHABLE CHEST STABILIZER BANDADJUSTABLE UPPER BODY SHAPEWEAR   Tighten &amp; Slim Arms  Prevent Chest Drooping  Reduce Accessory Breast  Smooth Back &amp; Correct Posture  DETAILS  row Hook &amp; Eye  Adjustable Tightness  Elastic &amp; Durable  Stretchy &amp; Comfortable  TIGHTEN ARM FLAB &amp; REDUCE ARM FAT   Tone Up Loose Skin &amp; Slim Arms Instantly  Right Amount Of Compression For Post-Op Recovery  Ingredients: Nylon\u00a095% (inclusive) -100% (exclusive)\" \/>\n<meta property=\"og:url\" content=\"https:\/\/okseamless.com\/de\/produkt\/body-shaper-adjustable-support-chest-hunchback-posture-corrector-long-sleeve-shaper-body-shaper\/\" \/>\n<meta property=\"og:site_name\" content=\"Custom Seamless Shapewear and Yoga Wear Manufacturer in China\" \/>\n<meta property=\"article:publisher\" content=\"https:\/\/www.facebook.com\/share\/1TH24JnBgY\/?mibextid=wwXIfr\" \/>\n<meta property=\"article:modified_time\" content=\"2025-04-12T06:30:09+00:00\" \/>\n<meta property=\"og:image\" content=\"https:\/\/okseamless.com\/wp-content\/uploads\/2025\/04\/O1CN01CiAw6k28oRBr867v9_2218375007979-0-cib-1.jpg_-1.jpg\" \/>\n\t<meta property=\"og:image:width\" content=\"1000\" \/>\n\t<meta property=\"og:image:height\" content=\"1000\" \/>\n\t<meta property=\"og:image:type\" content=\"image\/jpeg\" \/>\n<meta name=\"twitter:card\" content=\"summary_large_image\" \/>\n<meta name=\"twitter:label1\" content=\"Gesch\u00e4tzte Lesezeit\" \/>\n\t<meta name=\"twitter:data1\" content=\"1\u00a0Minute\" \/>\n<script type=\"application\/ld+json\" class=\"yoast-schema-graph\">{\"@context\":\"https:\\\/\\\/schema.org\",\"@graph\":[{\"@type\":\"WebPage\",\"@id\":\"https:\\\/\\\/okseamless.com\\\/ko\\\/product\\\/body-shaper-adjustable-support-chest-hunchback-posture-corrector-long-sleeve-shaper-body-shaper\\\/\",\"url\":\"https:\\\/\\\/okseamless.com\\\/ko\\\/product\\\/body-shaper-adjustable-support-chest-hunchback-posture-corrector-long-sleeve-shaper-body-shaper\\\/\",\"name\":\"Body Shaper Adjustable Support Chest Hunchback Posture Corrector Long Sleeve Shaper Body Shaper - Custom Seamless Shapewear and Yoga Wear Manufacturer in China\",\"isPartOf\":{\"@id\":\"https:\\\/\\\/www.okseamless.com\\\/pt\\\/#website\"},\"primaryImageOfPage\":{\"@id\":\"https:\\\/\\\/okseamless.com\\\/ko\\\/product\\\/body-shaper-adjustable-support-chest-hunchback-posture-corrector-long-sleeve-shaper-body-shaper\\\/#primaryimage\"},\"image\":{\"@id\":\"https:\\\/\\\/okseamless.com\\\/ko\\\/product\\\/body-shaper-adjustable-support-chest-hunchback-posture-corrector-long-sleeve-shaper-body-shaper\\\/#primaryimage\"},\"thumbnailUrl\":\"https:\\\/\\\/okseamless.com\\\/wp-content\\\/uploads\\\/2025\\\/04\\\/O1CN01CiAw6k28oRBr867v9_2218375007979-0-cib-1.jpg_-1.jpg\",\"datePublished\":\"2025-04-08T02:11:44+00:00\",\"dateModified\":\"2025-04-12T06:30:09+00:00\",\"breadcrumb\":{\"@id\":\"https:\\\/\\\/okseamless.com\\\/ko\\\/product\\\/body-shaper-adjustable-support-chest-hunchback-posture-corrector-long-sleeve-shaper-body-shaper\\\/#breadcrumb\"},\"inLanguage\":\"de\",\"potentialAction\":[{\"@type\":\"ReadAction\",\"target\":[\"https:\\\/\\\/okseamless.com\\\/ko\\\/product\\\/body-shaper-adjustable-support-chest-hunchback-posture-corrector-long-sleeve-shaper-body-shaper\\\/\"]}]},{\"@type\":\"ImageObject\",\"inLanguage\":\"de\",\"@id\":\"https:\\\/\\\/okseamless.com\\\/ko\\\/product\\\/body-shaper-adjustable-support-chest-hunchback-posture-corrector-long-sleeve-shaper-body-shaper\\\/#primaryimage\",\"url\":\"https:\\\/\\\/okseamless.com\\\/wp-content\\\/uploads\\\/2025\\\/04\\\/O1CN01CiAw6k28oRBr867v9_2218375007979-0-cib-1.jpg_-1.jpg\",\"contentUrl\":\"https:\\\/\\\/okseamless.com\\\/wp-content\\\/uploads\\\/2025\\\/04\\\/O1CN01CiAw6k28oRBr867v9_2218375007979-0-cib-1.jpg_-1.jpg\",\"width\":1000,\"height\":1000},{\"@type\":\"BreadcrumbList\",\"@id\":\"https:\\\/\\\/okseamless.com\\\/ko\\\/product\\\/body-shaper-adjustable-support-chest-hunchback-posture-corrector-long-sleeve-shaper-body-shaper\\\/#breadcrumb\",\"itemListElement\":[{\"@type\":\"ListItem\",\"position\":1,\"name\":\"\u9996\u9875\",\"item\":\"https:\\\/\\\/okseamless.com\\\/\"},{\"@type\":\"ListItem\",\"position\":2,\"name\":\"Produtos\",\"item\":\"https:\\\/\\\/www.okseamless.com\\\/pt\\\/shop\\\/\"},{\"@type\":\"ListItem\",\"position\":3,\"name\":\"Body Shaper Adjustable Support Chest Hunchback Posture Corrector Long Sleeve Shaper Body Shaper\"}]},{\"@type\":\"WebSite\",\"@id\":\"https:\\\/\\\/www.okseamless.com\\\/pt\\\/#website\",\"url\":\"https:\\\/\\\/www.okseamless.com\\\/pt\\\/\",\"name\":\"Custom Seamless Shapewear and Yoga Wear Manufacturer in China\",\"description\":\"\",\"publisher\":{\"@id\":\"https:\\\/\\\/www.okseamless.com\\\/pt\\\/#organization\"},\"potentialAction\":[{\"@type\":\"SearchAction\",\"target\":{\"@type\":\"EntryPoint\",\"urlTemplate\":\"https:\\\/\\\/www.okseamless.com\\\/pt\\\/?s={search_term_string}\"},\"query-input\":{\"@type\":\"PropertyValueSpecification\",\"valueRequired\":true,\"valueName\":\"search_term_string\"}}],\"inLanguage\":\"de\"},{\"@type\":\"Organization\",\"@id\":\"https:\\\/\\\/www.okseamless.com\\\/pt\\\/#organization\",\"name\":\"Custom Seamless Shapewear and Yoga Wear Manufacturer in China\",\"url\":\"https:\\\/\\\/www.okseamless.com\\\/pt\\\/\",\"logo\":{\"@type\":\"ImageObject\",\"inLanguage\":\"de\",\"@id\":\"https:\\\/\\\/www.okseamless.com\\\/pt\\\/#\\\/schema\\\/logo\\\/image\\\/\",\"url\":\"https:\\\/\\\/okseamless.com\\\/wp-content\\\/uploads\\\/2025\\\/03\\\/LOGO.png\",\"contentUrl\":\"https:\\\/\\\/okseamless.com\\\/wp-content\\\/uploads\\\/2025\\\/03\\\/LOGO.png\",\"width\":685,\"height\":218,\"caption\":\"Custom Seamless Shapewear and Yoga Wear Manufacturer in China\"},\"image\":{\"@id\":\"https:\\\/\\\/www.okseamless.com\\\/pt\\\/#\\\/schema\\\/logo\\\/image\\\/\"},\"sameAs\":[\"https:\\\/\\\/www.facebook.com\\\/share\\\/1TH24JnBgY\\\/?mibextid=wwXIfr\"]}]}<\/script>\n<!-- \/ Yoast SEO plugin. -->","yoast_head_json":{"title":"Body Shaper Adjustable Support Chest Hunchback Posture Corrector Long Sleeve Shaper Body Shaper - Custom Seamless Shapewear and Yoga Wear Manufacturer in China","robots":{"index":"index","follow":"follow","max-snippet":"max-snippet:-1","max-image-preview":"max-image-preview:large","max-video-preview":"max-video-preview:-1"},"canonical":"https:\/\/okseamless.com\/de\/produkt\/body-shaper-adjustable-support-chest-hunchback-posture-corrector-long-sleeve-shaper-body-shaper\/","og_locale":"de_DE","og_type":"article","og_title":"Body Shaper Adjustable Support Chest Hunchback Posture Corrector Long Sleeve Shaper Body Shaper - Custom Seamless Shapewear and Yoga Wear Manufacturer in China","og_description":"Model NO:CY025  ARM COMPRESSION SHAPER  Long Sleeve With Firm Control  Fully Wrap &amp; Tighten Flabby Skin  U-SHAPE SUPPORT CHEST  Lift &amp; Gather Breast  Adjustable Stabilizer Band  SMOOTH BACK LUMPS &amp; BUMPS  Support Back &amp; Relieve Pain  Improve\u00a0Posture &amp; Stop Hunchback  DETACHABLE CHEST STABILIZER BANDADJUSTABLE UPPER BODY SHAPEWEAR   Tighten &amp; Slim Arms  Prevent Chest Drooping  Reduce Accessory Breast  Smooth Back &amp; Correct Posture  DETAILS  row Hook &amp; Eye  Adjustable Tightness  Elastic &amp; Durable  Stretchy &amp; Comfortable  TIGHTEN ARM FLAB &amp; REDUCE ARM FAT   Tone Up Loose Skin &amp; Slim Arms Instantly  Right Amount Of Compression For Post-Op Recovery  Ingredients: Nylon\u00a095% (inclusive) -100% (exclusive)","og_url":"https:\/\/okseamless.com\/de\/produkt\/body-shaper-adjustable-support-chest-hunchback-posture-corrector-long-sleeve-shaper-body-shaper\/","og_site_name":"Custom Seamless Shapewear and Yoga Wear Manufacturer in China","article_publisher":"https:\/\/www.facebook.com\/share\/1TH24JnBgY\/?mibextid=wwXIfr","article_modified_time":"2025-04-12T06:30:09+00:00","og_image":[{"width":1000,"height":1000,"url":"https:\/\/okseamless.com\/wp-content\/uploads\/2025\/04\/O1CN01CiAw6k28oRBr867v9_2218375007979-0-cib-1.jpg_-1.jpg","type":"image\/jpeg"}],"twitter_card":"summary_large_image","twitter_misc":{"Gesch\u00e4tzte Lesezeit":"1\u00a0Minute"},"schema":{"@context":"https:\/\/schema.org","@graph":[{"@type":"WebPage","@id":"https:\/\/okseamless.com\/ko\/product\/body-shaper-adjustable-support-chest-hunchback-posture-corrector-long-sleeve-shaper-body-shaper\/","url":"https:\/\/okseamless.com\/ko\/product\/body-shaper-adjustable-support-chest-hunchback-posture-corrector-long-sleeve-shaper-body-shaper\/","name":"Body Shaper Adjustable Support Chest Hunchback Posture Corrector Long Sleeve Shaper Body Shaper - Custom Seamless Shapewear and Yoga Wear Manufacturer in China","isPartOf":{"@id":"https:\/\/www.okseamless.com\/pt\/#website"},"primaryImageOfPage":{"@id":"https:\/\/okseamless.com\/ko\/product\/body-shaper-adjustable-support-chest-hunchback-posture-corrector-long-sleeve-shaper-body-shaper\/#primaryimage"},"image":{"@id":"https:\/\/okseamless.com\/ko\/product\/body-shaper-adjustable-support-chest-hunchback-posture-corrector-long-sleeve-shaper-body-shaper\/#primaryimage"},"thumbnailUrl":"https:\/\/okseamless.com\/wp-content\/uploads\/2025\/04\/O1CN01CiAw6k28oRBr867v9_2218375007979-0-cib-1.jpg_-1.jpg","datePublished":"2025-04-08T02:11:44+00:00","dateModified":"2025-04-12T06:30:09+00:00","breadcrumb":{"@id":"https:\/\/okseamless.com\/ko\/product\/body-shaper-adjustable-support-chest-hunchback-posture-corrector-long-sleeve-shaper-body-shaper\/#breadcrumb"},"inLanguage":"de","potentialAction":[{"@type":"ReadAction","target":["https:\/\/okseamless.com\/ko\/product\/body-shaper-adjustable-support-chest-hunchback-posture-corrector-long-sleeve-shaper-body-shaper\/"]}]},{"@type":"ImageObject","inLanguage":"de","@id":"https:\/\/okseamless.com\/ko\/product\/body-shaper-adjustable-support-chest-hunchback-posture-corrector-long-sleeve-shaper-body-shaper\/#primaryimage","url":"https:\/\/okseamless.com\/wp-content\/uploads\/2025\/04\/O1CN01CiAw6k28oRBr867v9_2218375007979-0-cib-1.jpg_-1.jpg","contentUrl":"https:\/\/okseamless.com\/wp-content\/uploads\/2025\/04\/O1CN01CiAw6k28oRBr867v9_2218375007979-0-cib-1.jpg_-1.jpg","width":1000,"height":1000},{"@type":"BreadcrumbList","@id":"https:\/\/okseamless.com\/ko\/product\/body-shaper-adjustable-support-chest-hunchback-posture-corrector-long-sleeve-shaper-body-shaper\/#breadcrumb","itemListElement":[{"@type":"ListItem","position":1,"name":"\u9996\u9875","item":"https:\/\/okseamless.com\/"},{"@type":"ListItem","position":2,"name":"Produtos","item":"https:\/\/www.okseamless.com\/pt\/shop\/"},{"@type":"ListItem","position":3,"name":"Body Shaper Adjustable Support Chest Hunchback Posture Corrector Long Sleeve Shaper Body Shaper"}]},{"@type":"WebSite","@id":"https:\/\/www.okseamless.com\/pt\/#website","url":"https:\/\/www.okseamless.com\/pt\/","name":"Custom Seamless Shapewear and Yoga Wear Manufacturer in China","description":"","publisher":{"@id":"https:\/\/www.okseamless.com\/pt\/#organization"},"potentialAction":[{"@type":"SearchAction","target":{"@type":"EntryPoint","urlTemplate":"https:\/\/www.okseamless.com\/pt\/?s={search_term_string}"},"query-input":{"@type":"PropertyValueSpecification","valueRequired":true,"valueName":"search_term_string"}}],"inLanguage":"de"},{"@type":"Organization","@id":"https:\/\/www.okseamless.com\/pt\/#organization","name":"Custom Seamless Shapewear and Yoga Wear Manufacturer in China","url":"https:\/\/www.okseamless.com\/pt\/","logo":{"@type":"ImageObject","inLanguage":"de","@id":"https:\/\/www.okseamless.com\/pt\/#\/schema\/logo\/image\/","url":"https:\/\/okseamless.com\/wp-content\/uploads\/2025\/03\/LOGO.png","contentUrl":"https:\/\/okseamless.com\/wp-content\/uploads\/2025\/03\/LOGO.png","width":685,"height":218,"caption":"Custom Seamless Shapewear and Yoga Wear Manufacturer in China"},"image":{"@id":"https:\/\/www.okseamless.com\/pt\/#\/schema\/logo\/image\/"},"sameAs":["https:\/\/www.facebook.com\/share\/1TH24JnBgY\/?mibextid=wwXIfr"]}]}},"_links":{"self":[{"href":"https:\/\/okseamless.com\/de\/wp-json\/wp\/v2\/product\/1466","targetHints":{"allow":["GET"]}}],"collection":[{"href":"https:\/\/okseamless.com\/de\/wp-json\/wp\/v2\/product"}],"about":[{"href":"https:\/\/okseamless.com\/de\/wp-json\/wp\/v2\/types\/product"}],"wp:featuredmedia":[{"embeddable":true,"href":"https:\/\/okseamless.com\/de\/wp-json\/wp\/v2\/media\/3117"}],"wp:attachment":[{"href":"https:\/\/okseamless.com\/de\/wp-json\/wp\/v2\/media?parent=1466"}],"wp:term":[{"taxonomy":"product_brand","embeddable":true,"href":"https:\/\/okseamless.com\/de\/wp-json\/wp\/v2\/product_brand?post=1466"},{"taxonomy":"product_cat","embeddable":true,"href":"https:\/\/okseamless.com\/de\/wp-json\/wp\/v2\/product_cat?post=1466"},{"taxonomy":"product_tag","embeddable":true,"href":"https:\/\/okseamless.com\/de\/wp-json\/wp\/v2\/product_tag?post=1466"}],"curies":[{"name":"wp","href":"https:\/\/api.w.org\/{rel}","templated":true}]}}